{"id":256,"date":"2016-04-06T11:10:06","date_gmt":"2016-04-06T10:10:06","guid":{"rendered":"https:\/\/dev.austriandinnershow.at\/es\/?page_id=256"},"modified":"2025-03-18T20:02:50","modified_gmt":"2025-03-18T18:02:50","slug":"startseite","status":"publish","type":"page","link":"https:\/\/dev.austriandinnershow.at\/es\/","title":{"rendered":"Startseite"},"content":{"rendered":"<h1 style=\"text-align: center;\">Austrian Dinner Show<\/h1>\n<h4 style=\"text-align: center;\">Un viaje musical y culinario a trav\u00e9s de Austria<\/h4>\n<ul class=\"g1-grid\"><li class=\"g1-column g1-one-third g1-valign-top\" id=\"g1-grid-counter-0\" >\n<p><a class=\"rahmen\" href=\"https:\/\/dev.austriandinnershow.at\/es\/programa\/\"><img loading=\"lazy\" decoding=\"async\" class=\"alignnone wp-image-1018 size-full\" title=\"Programa\" src=\"https:\/\/dev.austriandinnershow.at\/wp-content\/uploads\/Austrian-Dinner-Show154-1.jpg\" alt=\"\" width=\"484\" height=\"272\" srcset=\"https:\/\/dev.austriandinnershow.at\/wp-content\/uploads\/Austrian-Dinner-Show154-1.jpg 484w, https:\/\/dev.austriandinnershow.at\/wp-content\/uploads\/Austrian-Dinner-Show154-1-302x170.jpg 302w, https:\/\/dev.austriandinnershow.at\/wp-content\/uploads\/Austrian-Dinner-Show154-1-211x119.jpg 211w\" sizes=\"auto, (max-width: 484px) 100vw, 484px\" \/><\/a><\/p>\n<h3>M\u00fasica<\/h3>\n<p>Durante la velada, nuestro ensemble les deleitar\u00e1 con un programa din\u00e1mico y variado.<\/p>\n<a id=\"g1-button-counter-1\" class=\"g1-button g1-medium g1-wide\" href=\"https:\/\/dev.austriandinnershow.at\/es\/programa\/\" title=\"Programa\" ><span><span>Programa <\/span><\/span><\/a>\n<\/li><!-- --><li class=\"g1-column g1-one-third g1-valign-top\" id=\"g1-grid-counter-1\" >\n<p><a class=\"rahmen\" href=\"https:\/\/dev.austriandinnershow.at\/es\/menu-ubicacion\/\"><img loading=\"lazy\" decoding=\"async\" class=\"alignnone wp-image-109 size-g1_one_half\" title=\"Men\u00fa &amp; Ubicaci\u00f3n\" src=\"https:\/\/dev.austriandinnershow.at\/wp-content\/uploads\/austriandinnershow_tisch-484x272.jpg\" alt=\"\" width=\"484\" height=\"272\" srcset=\"https:\/\/dev.austriandinnershow.at\/wp-content\/uploads\/austriandinnershow_tisch-484x272.jpg 484w, https:\/\/dev.austriandinnershow.at\/wp-content\/uploads\/austriandinnershow_tisch-302x170.jpg 302w, https:\/\/dev.austriandinnershow.at\/wp-content\/uploads\/austriandinnershow_tisch-211x119.jpg 211w\" sizes=\"auto, (max-width: 484px) 100vw, 484px\" \/><\/a><\/p>\n<h3>Gastronom\u00eda<\/h3>\n<p>Un men\u00fa de 3 platos seg\u00fan recetas tradicionales de la cocina austriaca.<\/p>\n<a id=\"g1-button-counter-2\" class=\"g1-button g1-medium g1-wide\" href=\"https:\/\/dev.austriandinnershow.at\/es\/menu-ubicacion\/\" title=\"Men\u00fa &amp; Ubicaci\u00f3n\" ><span><span>Men\u00fa &amp; Ubicaci\u00f3n<\/span><\/span><\/a>\n<\/li><!-- --><li class=\"g1-column g1-one-third g1-valign-top\" id=\"g1-grid-counter-2\" >\n<p><a class=\"rahmen\" href=\"https:\/\/dev.austriandinnershow.at\/es\/entradas\/\"><img loading=\"lazy\" decoding=\"async\" class=\"alignnone wp-image-124 size-g1_one_half\" title=\"Entradas\" src=\"https:\/\/dev.austriandinnershow.at\/wp-content\/uploads\/austriandinnershowRHK10-484x272.jpg\" alt=\"\" width=\"484\" height=\"272\" srcset=\"https:\/\/dev.austriandinnershow.at\/wp-content\/uploads\/austriandinnershowRHK10-484x272.jpg 484w, https:\/\/dev.austriandinnershow.at\/wp-content\/uploads\/austriandinnershowRHK10-302x170.jpg 302w, https:\/\/dev.austriandinnershow.at\/wp-content\/uploads\/austriandinnershowRHK10-211x119.jpg 211w\" sizes=\"auto, (max-width: 484px) 100vw, 484px\" \/><\/a><\/p>\n<h3>Todo un acontecimiento<\/h3>\n<p>Un ambiente \u00fanico a un precio asequible: 85,00 \u20ac 2025 (incl. cena \/ men\u00fa 3 platos sin bebidas)<\/p>\n<a id=\"g1-button-counter-3\" class=\"g1-button g1-medium g1-wide\" href=\"https:\/\/dev.austriandinnershow.at\/es\/entradas\/\" title=\"Entradas\" ><span><span>Entradas<\/span><\/span><\/a>\n<\/li><!-- --><\/ul>\n<hr \/>\n<h1 style=\"text-align: center;\">Melod\u00edas famosas, cocina regional<\/h1>\n<h4 style=\"text-align: center;\">Los alegres sonidos de los Alpes, las m\u00e1s bellas operetas de Salzburgo, los ritmos vertiginosos de la polca y, por supuesto, los famos\u00edsimos valses vieneses, donde celebramos como corresponde el 200.\u00ba aniversario del rey del vals, Johann Strauss, con sus obras. Disfruten con los m\u00fasicos de nuestra orquesta acompa\u00f1ados por excelentes cantantes y bailarines, que presentar\u00e1n los tesoros musicales austr\u00edacos en un show \u00fanico e incomparable.<\/h4>\n<ul class=\"g1-grid\"><li class=\"g1-column g1-one-third g1-valign-top\" id=\"g1-grid-counter-0\" >\n<p><a class=\"rahmen\" href=\"https:\/\/dev.austriandinnershow.at\/es\/entradas\/\"><img loading=\"lazy\" decoding=\"async\" class=\"alignnone wp-image-136 size-g1_one_half\" title=\"Fechas\" src=\"https:\/\/dev.austriandinnershow.at\/wp-content\/uploads\/termintable-neu.png\" alt=\"\" width=\"484\" height=\"272\" \/><\/a><\/p>\n<h3>Entradas<\/h3>\n<a id=\"g1-button-counter-4\" class=\"g1-button g1-medium g1-wide\" href=\"https:\/\/dev.austriandinnershow.at\/es\/entradas\/\" title=\"Comprar sus entradas\" ><span><span>Comprar sus entradas<\/span><\/span><\/a>\n<\/li><!-- --><li class=\"g1-column g1-one-third g1-valign-top\" id=\"g1-grid-counter-1\" >\n<p><a class=\"rahmen\" href=\"https:\/\/dev.austriandinnershow.at\/es\/mediateca\/\"><img loading=\"lazy\" decoding=\"async\" class=\"alignnone size-full wp-image-1895\" src=\"https:\/\/dev.austriandinnershow.at\/wp-content\/uploads\/videoteaser_startseite_es.jpg\" alt=\"\" width=\"593\" height=\"338\" srcset=\"https:\/\/dev.austriandinnershow.at\/wp-content\/uploads\/videoteaser_startseite_es.jpg 593w, https:\/\/dev.austriandinnershow.at\/wp-content\/uploads\/videoteaser_startseite_es-211x119.jpg 211w\" sizes=\"auto, (max-width: 593px) 100vw, 593px\" \/><\/a><\/p>\n<h3>Digno de verse<\/h3>\n<a id=\"g1-button-counter-5\" class=\"g1-button g1-medium g1-wide\" href=\"https:\/\/dev.austriandinnershow.at\/es\/mediateca\/\" title=\"Mediateca\" ><span><span>Mediateca<\/span><\/span><\/a>\n<\/li><!-- --><li class=\"g1-column g1-one-third g1-valign-top\" id=\"g1-grid-counter-2\" >\n<p><a class=\"rahmen\" href=\"https:\/\/www.facebook.com\/pages\/Austrian-Dinner-Show\/106216742761115\" target=\"_blank\" rel=\"noopener noreferrer\"><img loading=\"lazy\" decoding=\"async\" class=\"alignnone wp-image-171 size-g1_one_half\" title=\"Facebook\" src=\"https:\/\/dev.austriandinnershow.at\/wp-content\/uploads\/teaser-facebook-484x272.jpg\" alt=\"\" width=\"484\" height=\"272\" srcset=\"https:\/\/dev.austriandinnershow.at\/wp-content\/uploads\/teaser-facebook-484x272.jpg 484w, https:\/\/dev.austriandinnershow.at\/wp-content\/uploads\/teaser-facebook-666x375.jpg 666w, https:\/\/dev.austriandinnershow.at\/wp-content\/uploads\/teaser-facebook-302x170.jpg 302w, https:\/\/dev.austriandinnershow.at\/wp-content\/uploads\/teaser-facebook-211x119.jpg 211w\" sizes=\"auto, (max-width: 484px) 100vw, 484px\" \/><\/a><\/p>\n<h3>S\u00edguenos<\/h3>\n<a id=\"g1-button-counter-6\" class=\"g1-button g1-medium g1-wide\" href=\"https:\/\/www.facebook.com\/pages\/Austrian-Dinner-Show\/106216742761115\" title=\"Facebook\" ><span><span>Facebook<\/span><\/span><\/a>\n<\/li><!-- --><\/ul>\n","protected":false},"excerpt":{"rendered":"<p>Austrian Dinner Show Un viaje musical y culinario a trav\u00e9s de Austria Melod\u00edas famosas, cocina regional Los alegres sonidos de los Alpes, las m\u00e1s bellas operetas de Salzburgo, los ritmos vertiginosos de la polca y, por supuesto, los famos\u00edsimos valses vieneses, donde celebramos como corresponde el 200.\u00ba aniversario del rey del vals, Johann Strauss, con [&hellip;]<\/p>\n","protected":false},"author":5,"featured_media":0,"parent":0,"menu_order":0,"comment_status":"closed","ping_status":"open","template":"g1_template_page_full.php","meta":{"_acf_changed":false,"footnotes":""},"class_list":["post-256","page","type-page","status-publish","hentry"],"acf":[],"yoast_head":"<!-- This site is optimized with the Yoast SEO plugin v26.6 - https:\/\/yoast.com\/wordpress\/plugins\/seo\/ -->\n<title>Austrian Dinner Show - Un viaje musical y culinario a trav\u00e9s de Austria<\/title>\n<meta name=\"robots\" content=\"index, follow, max-snippet:-1, max-image-preview:large, max-video-preview:-1\" \/>\n<link rel=\"canonical\" href=\"https:\/\/dev.austriandinnershow.at\/\" \/>\n<meta property=\"og:locale\" content=\"es_ES\" \/>\n<meta property=\"og:type\" content=\"article\" \/>\n<meta property=\"og:title\" content=\"Austrian Dinner Show - Un viaje musical y culinario a trav\u00e9s de Austria\" \/>\n<meta property=\"og:description\" content=\"Austrian Dinner Show Un viaje musical y culinario a trav\u00e9s de Austria Melod\u00edas famosas, cocina regional Los alegres sonidos de los Alpes, las m\u00e1s bellas operetas de Salzburgo, los ritmos vertiginosos de la polca y, por supuesto, los famos\u00edsimos valses vieneses, donde celebramos como corresponde el 200.\u00ba aniversario del rey del vals, Johann Strauss, con [&hellip;]\" \/>\n<meta property=\"og:url\" content=\"https:\/\/dev.austriandinnershow.at\/\" \/>\n<meta property=\"og:site_name\" content=\"Austrian Dinner Show\" \/>\n<meta property=\"article:modified_time\" content=\"2025-03-18T18:02:50+00:00\" \/>\n<meta property=\"og:image\" content=\"https:\/\/dev.austriandinnershow.at\/wp-content\/uploads\/Austrian-Dinner-Show154-1.jpg\" \/>\n\t<meta property=\"og:image:width\" content=\"484\" \/>\n\t<meta property=\"og:image:height\" content=\"272\" \/>\n\t<meta property=\"og:image:type\" content=\"image\/jpeg\" \/>\n<meta name=\"twitter:card\" content=\"summary_large_image\" \/>\n<meta name=\"twitter:label1\" content=\"Tiempo de lectura\" \/>\n\t<meta name=\"twitter:data1\" content=\"3 minutos\" \/>\n<script type=\"application\/ld+json\" class=\"yoast-schema-graph\">{\"@context\":\"https:\/\/schema.org\",\"@graph\":[{\"@type\":\"WebPage\",\"@id\":\"https:\/\/dev.austriandinnershow.at\/\",\"url\":\"https:\/\/dev.austriandinnershow.at\/\",\"name\":\"Austrian Dinner Show - Un viaje musical y culinario a trav\u00e9s de Austria\",\"isPartOf\":{\"@id\":\"https:\/\/dev.austriandinnershow.at\/#website\"},\"primaryImageOfPage\":{\"@id\":\"https:\/\/dev.austriandinnershow.at\/#primaryimage\"},\"image\":{\"@id\":\"https:\/\/dev.austriandinnershow.at\/#primaryimage\"},\"thumbnailUrl\":\"https:\/\/dev.austriandinnershow.at\/wp-content\/uploads\/Austrian-Dinner-Show154-1.jpg\",\"datePublished\":\"2016-04-06T10:10:06+00:00\",\"dateModified\":\"2025-03-18T18:02:50+00:00\",\"breadcrumb\":{\"@id\":\"https:\/\/dev.austriandinnershow.at\/#breadcrumb\"},\"inLanguage\":\"es\",\"potentialAction\":[{\"@type\":\"ReadAction\",\"target\":[\"https:\/\/dev.austriandinnershow.at\/\"]}]},{\"@type\":\"ImageObject\",\"inLanguage\":\"es\",\"@id\":\"https:\/\/dev.austriandinnershow.at\/#primaryimage\",\"url\":\"https:\/\/dev.austriandinnershow.at\/wp-content\/uploads\/Austrian-Dinner-Show154-1.jpg\",\"contentUrl\":\"https:\/\/dev.austriandinnershow.at\/wp-content\/uploads\/Austrian-Dinner-Show154-1.jpg\"},{\"@type\":\"BreadcrumbList\",\"@id\":\"https:\/\/dev.austriandinnershow.at\/#breadcrumb\",\"itemListElement\":[{\"@type\":\"ListItem\",\"position\":1,\"name\":\"Home\",\"item\":\"https:\/\/dev.austriandinnershow.at\/\"},{\"@type\":\"ListItem\",\"position\":2,\"name\":\"Startseite\"}]},{\"@type\":\"WebSite\",\"@id\":\"https:\/\/dev.austriandinnershow.at\/#website\",\"url\":\"https:\/\/dev.austriandinnershow.at\/\",\"name\":\"Austrian Dinner Show\",\"description\":\"Austrian Dinner Show\",\"potentialAction\":[{\"@type\":\"SearchAction\",\"target\":{\"@type\":\"EntryPoint\",\"urlTemplate\":\"https:\/\/dev.austriandinnershow.at\/?s={search_term_string}\"},\"query-input\":{\"@type\":\"PropertyValueSpecification\",\"valueRequired\":true,\"valueName\":\"search_term_string\"}}],\"inLanguage\":\"es\"}]}<\/script>\n<!-- \/ Yoast SEO plugin. -->","yoast_head_json":{"title":"Austrian Dinner Show - Un viaje musical y culinario a trav\u00e9s de Austria","robots":{"index":"index","follow":"follow","max-snippet":"max-snippet:-1","max-image-preview":"max-image-preview:large","max-video-preview":"max-video-preview:-1"},"canonical":"https:\/\/dev.austriandinnershow.at\/","og_locale":"es_ES","og_type":"article","og_title":"Austrian Dinner Show - Un viaje musical y culinario a trav\u00e9s de Austria","og_description":"Austrian Dinner Show Un viaje musical y culinario a trav\u00e9s de Austria Melod\u00edas famosas, cocina regional Los alegres sonidos de los Alpes, las m\u00e1s bellas operetas de Salzburgo, los ritmos vertiginosos de la polca y, por supuesto, los famos\u00edsimos valses vieneses, donde celebramos como corresponde el 200.\u00ba aniversario del rey del vals, Johann Strauss, con [&hellip;]","og_url":"https:\/\/dev.austriandinnershow.at\/","og_site_name":"Austrian Dinner Show","article_modified_time":"2025-03-18T18:02:50+00:00","og_image":[{"width":484,"height":272,"url":"https:\/\/dev.austriandinnershow.at\/wp-content\/uploads\/Austrian-Dinner-Show154-1.jpg","type":"image\/jpeg"}],"twitter_card":"summary_large_image","twitter_misc":{"Tiempo de lectura":"3 minutos"},"schema":{"@context":"https:\/\/schema.org","@graph":[{"@type":"WebPage","@id":"https:\/\/dev.austriandinnershow.at\/","url":"https:\/\/dev.austriandinnershow.at\/","name":"Austrian Dinner Show - Un viaje musical y culinario a trav\u00e9s de Austria","isPartOf":{"@id":"https:\/\/dev.austriandinnershow.at\/#website"},"primaryImageOfPage":{"@id":"https:\/\/dev.austriandinnershow.at\/#primaryimage"},"image":{"@id":"https:\/\/dev.austriandinnershow.at\/#primaryimage"},"thumbnailUrl":"https:\/\/dev.austriandinnershow.at\/wp-content\/uploads\/Austrian-Dinner-Show154-1.jpg","datePublished":"2016-04-06T10:10:06+00:00","dateModified":"2025-03-18T18:02:50+00:00","breadcrumb":{"@id":"https:\/\/dev.austriandinnershow.at\/#breadcrumb"},"inLanguage":"es","potentialAction":[{"@type":"ReadAction","target":["https:\/\/dev.austriandinnershow.at\/"]}]},{"@type":"ImageObject","inLanguage":"es","@id":"https:\/\/dev.austriandinnershow.at\/#primaryimage","url":"https:\/\/dev.austriandinnershow.at\/wp-content\/uploads\/Austrian-Dinner-Show154-1.jpg","contentUrl":"https:\/\/dev.austriandinnershow.at\/wp-content\/uploads\/Austrian-Dinner-Show154-1.jpg"},{"@type":"BreadcrumbList","@id":"https:\/\/dev.austriandinnershow.at\/#breadcrumb","itemListElement":[{"@type":"ListItem","position":1,"name":"Home","item":"https:\/\/dev.austriandinnershow.at\/"},{"@type":"ListItem","position":2,"name":"Startseite"}]},{"@type":"WebSite","@id":"https:\/\/dev.austriandinnershow.at\/#website","url":"https:\/\/dev.austriandinnershow.at\/","name":"Austrian Dinner Show","description":"Austrian Dinner Show","potentialAction":[{"@type":"SearchAction","target":{"@type":"EntryPoint","urlTemplate":"https:\/\/dev.austriandinnershow.at\/?s={search_term_string}"},"query-input":{"@type":"PropertyValueSpecification","valueRequired":true,"valueName":"search_term_string"}}],"inLanguage":"es"}]}},"_links":{"self":[{"href":"https:\/\/dev.austriandinnershow.at\/es\/wp-json\/wp\/v2\/pages\/256","targetHints":{"allow":["GET"]}}],"collection":[{"href":"https:\/\/dev.austriandinnershow.at\/es\/wp-json\/wp\/v2\/pages"}],"about":[{"href":"https:\/\/dev.austriandinnershow.at\/es\/wp-json\/wp\/v2\/types\/page"}],"author":[{"embeddable":true,"href":"https:\/\/dev.austriandinnershow.at\/es\/wp-json\/wp\/v2\/users\/5"}],"replies":[{"embeddable":true,"href":"https:\/\/dev.austriandinnershow.at\/es\/wp-json\/wp\/v2\/comments?post=256"}],"version-history":[{"count":10,"href":"https:\/\/dev.austriandinnershow.at\/es\/wp-json\/wp\/v2\/pages\/256\/revisions"}],"predecessor-version":[{"id":2945,"href":"https:\/\/dev.austriandinnershow.at\/es\/wp-json\/wp\/v2\/pages\/256\/revisions\/2945"}],"wp:attachment":[{"href":"https:\/\/dev.austriandinnershow.at\/es\/wp-json\/wp\/v2\/media?parent=256"}],"curies":[{"name":"wp","href":"https:\/\/api.w.org\/{rel}","templated":true}]}}