{"id":262,"date":"2016-04-06T11:22:02","date_gmt":"2016-04-06T10:22:02","guid":{"rendered":"https:\/\/dev.austriandinnershow.at\/es\/?page_id=262"},"modified":"2025-02-13T14:08:43","modified_gmt":"2025-02-13T12:08:43","slug":"menu-ubicacion","status":"publish","type":"page","link":"https:\/\/dev.austriandinnershow.at\/es\/menu-ubicacion\/","title":{"rendered":"Men\u00fa &#038; Ubicaci\u00f3n"},"content":{"rendered":"<ul class=\"g1-grid\"><li class=\"g1-column g1-one-half g1-valign-top\" id=\"g1-grid-counter-0\" >\n<h2>\u00a1Una armon\u00eda perfecta!<\/h2>\n<h2><img loading=\"lazy\" decoding=\"async\" class=\"alignnone wp-image-885 size-medium\" src=\"https:\/\/dev.austriandinnershow.at\/wp-content\/uploads\/20181207_SR_2865-600x400.jpg\" alt=\"\" width=\"600\" height=\"400\" srcset=\"https:\/\/dev.austriandinnershow.at\/wp-content\/uploads\/20181207_SR_2865-600x400.jpg 600w, https:\/\/dev.austriandinnershow.at\/wp-content\/uploads\/20181207_SR_2865-1280x853.jpg 1280w\" sizes=\"auto, (max-width: 600px) 100vw, 600px\" \/><\/h2>\n<\/li><!-- --><li class=\"g1-column g1-one-half g1-valign-top\" id=\"g1-grid-counter-1\" >\n<h3><span data-sheets-userformat=\"{&quot;2&quot;:513,&quot;3&quot;:[null,0],&quot;12&quot;:0}\" data-sheets-value=\"{&quot;1&quot;:2,&quot;2&quot;:&quot;El men\\u00fa&quot;}\">El men\u00fa<\/span><\/h3>\n<ul>\n<li>Surtido de entrantes vieneses<\/li>\n<li>Carne de res estofado al horno servida con su jugo, verduras del mercado y patatas gratinado<\/li>\n<li>\u201eKaiserschmarrn\u201c \u2013 tortitas de bizcocho servida con compota de ciruelas<\/li>\n<\/ul>\n<p><strong><span class=\"hervorheber\">Men\u00fas especiales para grupos s\u00f3lo bajo petici\u00f3n anticipada.<\/span><\/strong><br \/>\nTel.: (+43 1) 274 90 46<\/p>\n<\/li><!-- --><\/ul>\n<hr \/>\n<ul class=\"g1-grid\"><li class=\"g1-column g1-one-half g1-valign-top\" id=\"g1-grid-counter-0\" >\n<h3><span data-sheets-userformat=\"{&quot;2&quot;:513,&quot;3&quot;:[null,0],&quot;12&quot;:0}\" data-sheets-value=\"{&quot;1&quot;:2,&quot;2&quot;:&quot;El local&quot;}\">El local<\/span><\/h3>\n<p>En el centro de Viena, sobre la avenida <em>Ringstrasse<\/em>, en los bajos del Ayuntamiento, se encuentra el famoso restaurante WIENER RATHAUSKELLER. Sus diferentes salas y salones han sido completamente renovados en 2005 y ofrecen un ambiente \u00fanico y t\u00edpico de esta encantadora ciudad. Un lugar en el que se sigue manteniendo la gran hospitalidad vienesa.<\/p>\n<p>El <strong class=\"hervorheber\">\u201eAustrian Dinner Show\u201c\u00a0<\/strong>se representa en el <a href=\"http:\/\/www.wiener-rathauskeller.at\/en\" target=\"_blank\" rel=\"noopener noreferrer\">WIENER RATHAUSKELLER<\/a>.<\/p>\n<p>Direcci\u00f3n: Rathausplatz 1 \/ 1010 Wien &#8211; Viena<br \/>\nUbicaci\u00f3n: Ayuntamiento de Viena &#8211; en la avenida \u201cRingstrasse\u201d<\/p>\n<\/li><!-- --><li class=\"g1-column g1-one-half g1-valign-top\" id=\"g1-grid-counter-1\" >\n<h3><span data-sheets-userformat=\"{&quot;2&quot;:513,&quot;3&quot;:[null,0],&quot;12&quot;:0}\" data-sheets-value=\"{&quot;1&quot;:2,&quot;2&quot;:&quot;Como llegar&quot;}\">Como llegar<\/span><\/h3>\n<p><strong>en coche<br \/>\n<\/strong>aparcamiento \u201cRathauspark\u201d (entrada por Dr. Karl Lueger Ring)<\/p>\n<p><strong>en bus<br \/>\n<\/strong>aparcamiento de buses \u201cRathauspark\u201d \/ frente a la entrada del restaurante<\/p>\n<p><strong>en transporte p\u00fablico<br \/>\n<\/strong>metro U2 o tranv\u00edas No. 1, 71, 2 o D<\/p>\n<\/li><!-- --><\/ul>\n<hr \/>\n<ul class=\"g1-grid\"><li class=\"g1-column g1-one-half g1-valign-top\" id=\"g1-grid-counter-0\" >\n<a id=\"g1-button-counter-1\" class=\"g1-button g1-medium g1-wide alignleft new-window\" href=\"http:\/\/maps.google.es\/maps?f=q&#038;source=s_q&#038;hl=es&#038;geocode=&#038;q=Wiener+Rathauskeller&#038;sll=48.864715,13.601074&#038;sspn=10.469459,19.753418&#038;ie=UTF8&#038;hq=Wiener+Rathauskeller&#038;hnear=&#038;z=13&#038;iwloc=A\" title=\"Plano\" ><span><span>Plano<\/span><\/span><\/a>\n<\/li><!-- --><li class=\"g1-column g1-one-half g1-valign-top\" id=\"g1-grid-counter-1\" >\n<a id=\"g1-button-counter-2\" class=\"g1-button g1-medium g1-wide alignright\" href=\"https:\/\/dev.austriandinnershow.at\/es\/fechas-2025\/\" title=\"Fechas\" ><span><span>Fechas<\/span><\/span><\/a>\n<\/li><!-- --><\/ul>\n","protected":false},"excerpt":{"rendered":"","protected":false},"author":5,"featured_media":0,"parent":0,"menu_order":10,"comment_status":"closed","ping_status":"closed","template":"","meta":{"_acf_changed":false,"footnotes":""},"class_list":["post-262","page","type-page","status-publish","hentry"],"acf":[],"yoast_head":"<!-- This site is optimized with the Yoast SEO plugin v26.6 - https:\/\/yoast.com\/wordpress\/plugins\/seo\/ -->\n<title>Men\u00fa &amp; Ubicaci\u00f3n - Austrian Dinner Show<\/title>\n<meta name=\"robots\" content=\"index, follow, max-snippet:-1, max-image-preview:large, max-video-preview:-1\" \/>\n<link rel=\"canonical\" href=\"https:\/\/dev.austriandinnershow.at\/es\/menu-ubicacion\/\" \/>\n<meta property=\"og:locale\" content=\"es_ES\" \/>\n<meta property=\"og:type\" content=\"article\" \/>\n<meta property=\"og:title\" content=\"Men\u00fa &amp; Ubicaci\u00f3n - Austrian Dinner Show\" \/>\n<meta property=\"og:url\" content=\"https:\/\/dev.austriandinnershow.at\/es\/menu-ubicacion\/\" \/>\n<meta property=\"og:site_name\" content=\"Austrian Dinner Show\" \/>\n<meta property=\"article:modified_time\" content=\"2025-02-13T12:08:43+00:00\" \/>\n<meta property=\"og:image\" content=\"https:\/\/dev.austriandinnershow.at\/wp-content\/uploads\/20181207_SR_2865-1280x853.jpg\" \/>\n\t<meta property=\"og:image:width\" content=\"1280\" \/>\n\t<meta property=\"og:image:height\" content=\"853\" \/>\n\t<meta property=\"og:image:type\" content=\"image\/jpeg\" \/>\n<meta name=\"twitter:card\" content=\"summary_large_image\" \/>\n<meta name=\"twitter:label1\" content=\"Tiempo de lectura\" \/>\n\t<meta name=\"twitter:data1\" content=\"2 minutos\" \/>\n<script type=\"application\/ld+json\" class=\"yoast-schema-graph\">{\"@context\":\"https:\/\/schema.org\",\"@graph\":[{\"@type\":\"WebPage\",\"@id\":\"https:\/\/dev.austriandinnershow.at\/es\/menu-ubicacion\/\",\"url\":\"https:\/\/dev.austriandinnershow.at\/es\/menu-ubicacion\/\",\"name\":\"Men\u00fa & Ubicaci\u00f3n - Austrian Dinner Show\",\"isPartOf\":{\"@id\":\"https:\/\/dev.austriandinnershow.at\/#website\"},\"primaryImageOfPage\":{\"@id\":\"https:\/\/dev.austriandinnershow.at\/es\/menu-ubicacion\/#primaryimage\"},\"image\":{\"@id\":\"https:\/\/dev.austriandinnershow.at\/es\/menu-ubicacion\/#primaryimage\"},\"thumbnailUrl\":\"https:\/\/dev.austriandinnershow.at\/wp-content\/uploads\/20181207_SR_2865-600x400.jpg\",\"datePublished\":\"2016-04-06T10:22:02+00:00\",\"dateModified\":\"2025-02-13T12:08:43+00:00\",\"breadcrumb\":{\"@id\":\"https:\/\/dev.austriandinnershow.at\/es\/menu-ubicacion\/#breadcrumb\"},\"inLanguage\":\"es\",\"potentialAction\":[{\"@type\":\"ReadAction\",\"target\":[\"https:\/\/dev.austriandinnershow.at\/es\/menu-ubicacion\/\"]}]},{\"@type\":\"ImageObject\",\"inLanguage\":\"es\",\"@id\":\"https:\/\/dev.austriandinnershow.at\/es\/menu-ubicacion\/#primaryimage\",\"url\":\"https:\/\/dev.austriandinnershow.at\/wp-content\/uploads\/20181207_SR_2865-600x400.jpg\",\"contentUrl\":\"https:\/\/dev.austriandinnershow.at\/wp-content\/uploads\/20181207_SR_2865-600x400.jpg\"},{\"@type\":\"BreadcrumbList\",\"@id\":\"https:\/\/dev.austriandinnershow.at\/es\/menu-ubicacion\/#breadcrumb\",\"itemListElement\":[{\"@type\":\"ListItem\",\"position\":1,\"name\":\"Home\",\"item\":\"https:\/\/dev.austriandinnershow.at\/\"},{\"@type\":\"ListItem\",\"position\":2,\"name\":\"Men\u00fa &#038; Ubicaci\u00f3n\"}]},{\"@type\":\"WebSite\",\"@id\":\"https:\/\/dev.austriandinnershow.at\/#website\",\"url\":\"https:\/\/dev.austriandinnershow.at\/\",\"name\":\"Austrian Dinner Show\",\"description\":\"Austrian Dinner Show\",\"potentialAction\":[{\"@type\":\"SearchAction\",\"target\":{\"@type\":\"EntryPoint\",\"urlTemplate\":\"https:\/\/dev.austriandinnershow.at\/?s={search_term_string}\"},\"query-input\":{\"@type\":\"PropertyValueSpecification\",\"valueRequired\":true,\"valueName\":\"search_term_string\"}}],\"inLanguage\":\"es\"}]}<\/script>\n<!-- \/ Yoast SEO plugin. -->","yoast_head_json":{"title":"Men\u00fa & Ubicaci\u00f3n - Austrian Dinner Show","robots":{"index":"index","follow":"follow","max-snippet":"max-snippet:-1","max-image-preview":"max-image-preview:large","max-video-preview":"max-video-preview:-1"},"canonical":"https:\/\/dev.austriandinnershow.at\/es\/menu-ubicacion\/","og_locale":"es_ES","og_type":"article","og_title":"Men\u00fa & Ubicaci\u00f3n - Austrian Dinner Show","og_url":"https:\/\/dev.austriandinnershow.at\/es\/menu-ubicacion\/","og_site_name":"Austrian Dinner Show","article_modified_time":"2025-02-13T12:08:43+00:00","og_image":[{"width":1280,"height":853,"url":"https:\/\/dev.austriandinnershow.at\/wp-content\/uploads\/20181207_SR_2865-1280x853.jpg","type":"image\/jpeg"}],"twitter_card":"summary_large_image","twitter_misc":{"Tiempo de lectura":"2 minutos"},"schema":{"@context":"https:\/\/schema.org","@graph":[{"@type":"WebPage","@id":"https:\/\/dev.austriandinnershow.at\/es\/menu-ubicacion\/","url":"https:\/\/dev.austriandinnershow.at\/es\/menu-ubicacion\/","name":"Men\u00fa & Ubicaci\u00f3n - Austrian Dinner Show","isPartOf":{"@id":"https:\/\/dev.austriandinnershow.at\/#website"},"primaryImageOfPage":{"@id":"https:\/\/dev.austriandinnershow.at\/es\/menu-ubicacion\/#primaryimage"},"image":{"@id":"https:\/\/dev.austriandinnershow.at\/es\/menu-ubicacion\/#primaryimage"},"thumbnailUrl":"https:\/\/dev.austriandinnershow.at\/wp-content\/uploads\/20181207_SR_2865-600x400.jpg","datePublished":"2016-04-06T10:22:02+00:00","dateModified":"2025-02-13T12:08:43+00:00","breadcrumb":{"@id":"https:\/\/dev.austriandinnershow.at\/es\/menu-ubicacion\/#breadcrumb"},"inLanguage":"es","potentialAction":[{"@type":"ReadAction","target":["https:\/\/dev.austriandinnershow.at\/es\/menu-ubicacion\/"]}]},{"@type":"ImageObject","inLanguage":"es","@id":"https:\/\/dev.austriandinnershow.at\/es\/menu-ubicacion\/#primaryimage","url":"https:\/\/dev.austriandinnershow.at\/wp-content\/uploads\/20181207_SR_2865-600x400.jpg","contentUrl":"https:\/\/dev.austriandinnershow.at\/wp-content\/uploads\/20181207_SR_2865-600x400.jpg"},{"@type":"BreadcrumbList","@id":"https:\/\/dev.austriandinnershow.at\/es\/menu-ubicacion\/#breadcrumb","itemListElement":[{"@type":"ListItem","position":1,"name":"Home","item":"https:\/\/dev.austriandinnershow.at\/"},{"@type":"ListItem","position":2,"name":"Men\u00fa &#038; Ubicaci\u00f3n"}]},{"@type":"WebSite","@id":"https:\/\/dev.austriandinnershow.at\/#website","url":"https:\/\/dev.austriandinnershow.at\/","name":"Austrian Dinner Show","description":"Austrian Dinner Show","potentialAction":[{"@type":"SearchAction","target":{"@type":"EntryPoint","urlTemplate":"https:\/\/dev.austriandinnershow.at\/?s={search_term_string}"},"query-input":{"@type":"PropertyValueSpecification","valueRequired":true,"valueName":"search_term_string"}}],"inLanguage":"es"}]}},"_links":{"self":[{"href":"https:\/\/dev.austriandinnershow.at\/es\/wp-json\/wp\/v2\/pages\/262","targetHints":{"allow":["GET"]}}],"collection":[{"href":"https:\/\/dev.austriandinnershow.at\/es\/wp-json\/wp\/v2\/pages"}],"about":[{"href":"https:\/\/dev.austriandinnershow.at\/es\/wp-json\/wp\/v2\/types\/page"}],"author":[{"embeddable":true,"href":"https:\/\/dev.austriandinnershow.at\/es\/wp-json\/wp\/v2\/users\/5"}],"replies":[{"embeddable":true,"href":"https:\/\/dev.austriandinnershow.at\/es\/wp-json\/wp\/v2\/comments?post=262"}],"version-history":[{"count":10,"href":"https:\/\/dev.austriandinnershow.at\/es\/wp-json\/wp\/v2\/pages\/262\/revisions"}],"predecessor-version":[{"id":2896,"href":"https:\/\/dev.austriandinnershow.at\/es\/wp-json\/wp\/v2\/pages\/262\/revisions\/2896"}],"wp:attachment":[{"href":"https:\/\/dev.austriandinnershow.at\/es\/wp-json\/wp\/v2\/media?parent=262"}],"curies":[{"name":"wp","href":"https:\/\/api.w.org\/{rel}","templated":true}]}}