{"id":272,"date":"2016-04-06T11:29:00","date_gmt":"2016-04-06T10:29:00","guid":{"rendered":"https:\/\/dev.austriandinnershow.at\/es\/?page_id=272"},"modified":"2022-06-02T18:04:27","modified_gmt":"2022-06-02T16:04:27","slug":"condiciones-generales","status":"publish","type":"page","link":"https:\/\/dev.austriandinnershow.at\/es\/condiciones-generales\/","title":{"rendered":"Condiciones Generales"},"content":{"rendered":"<p><strong>\u00a71 General<\/strong><\/p>\n<p>A trav\u00e9s de la presente petici\u00f3n se establece el contrato con el \u00abDinner&amp;Show GmbH \u00bb seg\u00fan las siguientes condiciones generales, las cuales usted acepta en el momento de la reserva. La discrepancia en cuanto a las condiciones por parte del solicitante s\u00f3lo ser\u00e1 aceptada bajo solicitud por escrito. Un retracto del contrato no es posible.<\/p>\n<p><strong>\u00a72 Oferta\/ Contrato<\/strong><\/p>\n<p>Los precios indicados en nuestra p\u00e1gina web pueden verse alterados. Nos reservamos el derecho a cualquier cambio debido a posibles modificaciones de los datos. Su reserva se realiza en el mismo momento de entrada de su petici\u00f3n electr\u00f3nica. La aceptaci\u00f3n de su petici\u00f3n como firma del contrato tiene lugar en el momento del env\u00edo por e-mail de la confirmaci\u00f3n de reserva.<br \/>\nLa organizaci\u00f3n de \u00abDinner&amp;Show GmbH\u00bb se reserva expl\u00edcito el cambio de la petici\u00f3n sin previo aviso.<\/p>\n<p><strong>\u00a73 Precio<\/strong><\/p>\n<p>Nuestros precios incluyen los impuestos reglamentarios. Los gastos de env\u00edo no est\u00e1n incluidos.<\/p>\n<p><strong>\u00a74 Reserva de entradas\/Retirada<\/strong><\/p>\n<p>La reserva de entradas puede ser realizada v\u00eda internet, e-mail o fax. Nuestra confirmaci\u00f3n de reserva ser\u00e1 v\u00e1lida una vez realizado el pago del importe total de las entradas.<br \/>\nPor medio de esta confirmaci\u00f3n de reserva las entradas pueden ser recogidas en la taquilla de noche del \u201cDinner&amp;Show GMBH\u201d. Nuestra confirmaci\u00f3n se controlar\u00e1 inmediatamente. Cualquier percepci\u00f3n de una posible irregularidad de la petici\u00f3n deber\u00e1 ser alegada inmediatamente por escrito (fax, e-mail).<br \/>\nDespu\u00e9s de la fecha del evento no se aceptar\u00e1 ning\u00fan tipo de reclamaci\u00f3n.<br \/>\nLas entradas solicitadas podr\u00e1n ser canceladas hasta una semana antes de la fecha del espect\u00e1culo, conllevando una penalizaci\u00f3n del 50% del importe total de la reserva. Si la cancelaci\u00f3n se produce entre una semana antes del espect\u00e1culo y el d\u00eda del mismo, la penalizaci\u00f3n ser\u00e1 del 100% del importe total de la reserva.<br \/>\nLas entradas enviadas por deseo expreso del cliente no podr\u00e1n ser devueltas. Nos reservamos el derecho a eventuales cambios en el reparto de actores o en el programa, as\u00ed como el aplazamiento de la fecha, los cuales no son raz\u00f3n para un reembolso.<br \/>\nEn caso de cancelaci\u00f3n de una fecha, el \u201cDinner&amp;Show GMBH\u201d se reserva el derecho<br \/>\na ofrecer una fecha alternativa dentro de los cuatro d\u00edas posteriores a la fecha cancelada como sustituci\u00f3n a la fecha anulada.<\/p>\n<p><strong>\u00a75 Env\u00edo<\/strong><\/p>\n<p>Se proceder\u00e1 al env\u00edo y entrega de las entradas previo pago del importe total de las mismas y por deseo expreso del comprador, as\u00ed como por su cuenta y riesgo. La obligaci\u00f3n de env\u00edo por parte del \u201cDinner&amp;Show GMBH\u201d seg\u00fan el presente contrato se entiende como entrega en la oficina de correos (u otro servicio de entrega privado) con env\u00edo certificado o env\u00edo normal (por cuenta y riesgo del cliente).<br \/>\nEn ning\u00fan caso \u201cDinner&amp;Show GMBH\u201d es responsable de la p\u00e9rdida o retraso en la entrega de las entradas por parte de correos o del servicio de entrega utilizado.<\/p>\n<p><strong>\u00a76 Pago<\/strong><\/p>\n<p>En caso de pago efectuado mediante tarjeta de cr\u00e9dito, se aceptar\u00e1 exclusivamente el formulario de reserva. Un formulario de petici\u00f3n de reserva correctamente rellenado con indicaci\u00f3n del n\u00famero de tarjeta de cr\u00e9dito y de la fecha de caducidad, el cual se enviar\u00e1 bien por e-mail o por fax al \u201cDinner&amp;Show GMBH\u201d, posee la validez y autoriza al \u201cDinner&amp;Show GMBH\u201d \u00a0a su vez, a cargar en cuenta la totalidad de los servicios reservados sin firma original. En caso de hacer el pago mediante transferencia bancaria (sin gastos para el receptor), \u00e9sta es v\u00e1lida una vez registrado el pago en la cuenta bancaria del \u201cDinner&amp;Show GMBH\u201d.<\/p>\n<p><strong>\u00a77 Cancelaci\u00f3n del evento, cambios, reembolso<\/strong><\/p>\n<p>En el caso de cancelaci\u00f3n del evento, se puede reclamar el reembolso de los costes de las entradas que se han reservado directamente con Dinner &amp; Show VeranstaltungsGmbH hasta dos meses despu\u00e9s de la fecha inicialmente prevista del evento mediante una declaraci\u00f3n escrita (por carta o correo electr\u00f3nico) indicando nombre y apellidos, el nombre del banco, el IBAN y el titular de la cuenta a la que se desee el reembolso. El reembolso de las entradas adquiridas a trav\u00e9s de terceros (agencias tanto f\u00edsicas como online etc.) se tiene que reclamar por la misma v\u00eda de compra. En este caso con mucho gusto enviamos una confirmaci\u00f3n de la cancelaci\u00f3n. En ambos casos ofrecemos tambi\u00e9n la opci\u00f3n de un cambio gratuito para otra fecha. Se reserva el derecho de cambios nimios u objetivamente justificados tanto en el reparto como el programa. En el caso de cancelaci\u00f3n, cambio de fecha, de programa o de reparto no se reembolsa ning\u00fan tipo de gastos personales (p.ej. gastos de desplazamiento, hotel, gastos de venta anticipada, gastos de env\u00edo etc.).<\/p>\n<p><strong>\u00a78 Protecci\u00f3n de datos, transmisi\u00f3n de datos<\/strong><\/p>\n<p>Los datos originados en el marco del proceso de compra ser\u00e1n archivados con finalidad contable y como evidencia del cliente. \u00c9stos son por separado: direcci\u00f3n de la factura, direcci\u00f3n del proveedor, entradas solicitadas. Los datos son tratados en el marco de la protecci\u00f3n de datos y \u00e9stos no ser\u00e1n transmitidos a terceros. La compa\u00f1\u00eda \u00abDinner&amp;Show GmbH\u00bb utiliza dentro del proceso de reserva con tarjeta de cr\u00e9dito a trav\u00e9s de la p\u00e1gina web la transmisi\u00f3n con SSL (Secure Socket Layer). Este protocolo codifica los datos durante la transmisi\u00f3n entre el cliente y el servidor, para que \u00e9stos no puedan ser le\u00eddos por un tercero.<\/p>\n<p><strong>\u00a79 Lugar de cumplimiento y justicia<\/strong><\/p>\n<p>Se aplica la justicia austriaca. El lugar de cumplimiento es Viena. La jurisdicci\u00f3n se hace a trav\u00e9s del pertinente y competente tribunal en Viena.<\/p>\n","protected":false},"excerpt":{"rendered":"<p>\u00a71 General A trav\u00e9s de la presente petici\u00f3n se establece el contrato con el \u00abDinner&amp;Show GmbH \u00bb seg\u00fan las siguientes condiciones generales, las cuales usted acepta en el momento de la reserva. La discrepancia en cuanto a las condiciones por parte del solicitante s\u00f3lo ser\u00e1 aceptada bajo solicitud por escrito. Un retracto del contrato no [&hellip;]<\/p>\n","protected":false},"author":5,"featured_media":0,"parent":0,"menu_order":40,"comment_status":"closed","ping_status":"closed","template":"g1_template_page_full.php","meta":{"_acf_changed":false,"footnotes":""},"class_list":["post-272","page","type-page","status-publish","hentry"],"acf":[],"yoast_head":"<!-- This site is optimized with the Yoast SEO plugin v26.6 - https:\/\/yoast.com\/wordpress\/plugins\/seo\/ -->\n<title>Condiciones Generales - Austrian Dinner Show<\/title>\n<meta name=\"robots\" content=\"index, follow, max-snippet:-1, max-image-preview:large, max-video-preview:-1\" \/>\n<link rel=\"canonical\" href=\"https:\/\/dev.austriandinnershow.at\/es\/condiciones-generales\/\" \/>\n<meta property=\"og:locale\" content=\"es_ES\" \/>\n<meta property=\"og:type\" content=\"article\" \/>\n<meta property=\"og:title\" content=\"Condiciones Generales - Austrian Dinner Show\" \/>\n<meta property=\"og:description\" content=\"\u00a71 General A trav\u00e9s de la presente petici\u00f3n se establece el contrato con el \u00abDinner&amp;Show GmbH \u00bb seg\u00fan las siguientes condiciones generales, las cuales usted acepta en el momento de la reserva. La discrepancia en cuanto a las condiciones por parte del solicitante s\u00f3lo ser\u00e1 aceptada bajo solicitud por escrito. Un retracto del contrato no [&hellip;]\" \/>\n<meta property=\"og:url\" content=\"https:\/\/dev.austriandinnershow.at\/es\/condiciones-generales\/\" \/>\n<meta property=\"og:site_name\" content=\"Austrian Dinner Show\" \/>\n<meta property=\"article:modified_time\" content=\"2022-06-02T16:04:27+00:00\" \/>\n<meta property=\"og:image\" content=\"https:\/\/dev.austriandinnershow.at\/wp-content\/uploads\/austriandinnershow097.jpg\" \/>\n\t<meta property=\"og:image:width\" content=\"530\" \/>\n\t<meta property=\"og:image:height\" content=\"355\" \/>\n\t<meta property=\"og:image:type\" content=\"image\/jpeg\" \/>\n<meta name=\"twitter:card\" content=\"summary_large_image\" \/>\n<meta name=\"twitter:label1\" content=\"Tiempo de lectura\" \/>\n\t<meta name=\"twitter:data1\" content=\"6 minutos\" \/>\n<script type=\"application\/ld+json\" class=\"yoast-schema-graph\">{\"@context\":\"https:\/\/schema.org\",\"@graph\":[{\"@type\":\"WebPage\",\"@id\":\"https:\/\/dev.austriandinnershow.at\/es\/condiciones-generales\/\",\"url\":\"https:\/\/dev.austriandinnershow.at\/es\/condiciones-generales\/\",\"name\":\"Condiciones Generales - Austrian Dinner Show\",\"isPartOf\":{\"@id\":\"https:\/\/dev.austriandinnershow.at\/#website\"},\"datePublished\":\"2016-04-06T10:29:00+00:00\",\"dateModified\":\"2022-06-02T16:04:27+00:00\",\"breadcrumb\":{\"@id\":\"https:\/\/dev.austriandinnershow.at\/es\/condiciones-generales\/#breadcrumb\"},\"inLanguage\":\"es\",\"potentialAction\":[{\"@type\":\"ReadAction\",\"target\":[\"https:\/\/dev.austriandinnershow.at\/es\/condiciones-generales\/\"]}]},{\"@type\":\"BreadcrumbList\",\"@id\":\"https:\/\/dev.austriandinnershow.at\/es\/condiciones-generales\/#breadcrumb\",\"itemListElement\":[{\"@type\":\"ListItem\",\"position\":1,\"name\":\"Home\",\"item\":\"https:\/\/dev.austriandinnershow.at\/\"},{\"@type\":\"ListItem\",\"position\":2,\"name\":\"Condiciones Generales\"}]},{\"@type\":\"WebSite\",\"@id\":\"https:\/\/dev.austriandinnershow.at\/#website\",\"url\":\"https:\/\/dev.austriandinnershow.at\/\",\"name\":\"Austrian Dinner Show\",\"description\":\"Austrian Dinner Show\",\"potentialAction\":[{\"@type\":\"SearchAction\",\"target\":{\"@type\":\"EntryPoint\",\"urlTemplate\":\"https:\/\/dev.austriandinnershow.at\/?s={search_term_string}\"},\"query-input\":{\"@type\":\"PropertyValueSpecification\",\"valueRequired\":true,\"valueName\":\"search_term_string\"}}],\"inLanguage\":\"es\"}]}<\/script>\n<!-- \/ Yoast SEO plugin. -->","yoast_head_json":{"title":"Condiciones Generales - Austrian Dinner Show","robots":{"index":"index","follow":"follow","max-snippet":"max-snippet:-1","max-image-preview":"max-image-preview:large","max-video-preview":"max-video-preview:-1"},"canonical":"https:\/\/dev.austriandinnershow.at\/es\/condiciones-generales\/","og_locale":"es_ES","og_type":"article","og_title":"Condiciones Generales - Austrian Dinner Show","og_description":"\u00a71 General A trav\u00e9s de la presente petici\u00f3n se establece el contrato con el \u00abDinner&amp;Show GmbH \u00bb seg\u00fan las siguientes condiciones generales, las cuales usted acepta en el momento de la reserva. La discrepancia en cuanto a las condiciones por parte del solicitante s\u00f3lo ser\u00e1 aceptada bajo solicitud por escrito. Un retracto del contrato no [&hellip;]","og_url":"https:\/\/dev.austriandinnershow.at\/es\/condiciones-generales\/","og_site_name":"Austrian Dinner Show","article_modified_time":"2022-06-02T16:04:27+00:00","og_image":[{"width":530,"height":355,"url":"https:\/\/dev.austriandinnershow.at\/wp-content\/uploads\/austriandinnershow097.jpg","type":"image\/jpeg"}],"twitter_card":"summary_large_image","twitter_misc":{"Tiempo de lectura":"6 minutos"},"schema":{"@context":"https:\/\/schema.org","@graph":[{"@type":"WebPage","@id":"https:\/\/dev.austriandinnershow.at\/es\/condiciones-generales\/","url":"https:\/\/dev.austriandinnershow.at\/es\/condiciones-generales\/","name":"Condiciones Generales - Austrian Dinner Show","isPartOf":{"@id":"https:\/\/dev.austriandinnershow.at\/#website"},"datePublished":"2016-04-06T10:29:00+00:00","dateModified":"2022-06-02T16:04:27+00:00","breadcrumb":{"@id":"https:\/\/dev.austriandinnershow.at\/es\/condiciones-generales\/#breadcrumb"},"inLanguage":"es","potentialAction":[{"@type":"ReadAction","target":["https:\/\/dev.austriandinnershow.at\/es\/condiciones-generales\/"]}]},{"@type":"BreadcrumbList","@id":"https:\/\/dev.austriandinnershow.at\/es\/condiciones-generales\/#breadcrumb","itemListElement":[{"@type":"ListItem","position":1,"name":"Home","item":"https:\/\/dev.austriandinnershow.at\/"},{"@type":"ListItem","position":2,"name":"Condiciones Generales"}]},{"@type":"WebSite","@id":"https:\/\/dev.austriandinnershow.at\/#website","url":"https:\/\/dev.austriandinnershow.at\/","name":"Austrian Dinner Show","description":"Austrian Dinner Show","potentialAction":[{"@type":"SearchAction","target":{"@type":"EntryPoint","urlTemplate":"https:\/\/dev.austriandinnershow.at\/?s={search_term_string}"},"query-input":{"@type":"PropertyValueSpecification","valueRequired":true,"valueName":"search_term_string"}}],"inLanguage":"es"}]}},"_links":{"self":[{"href":"https:\/\/dev.austriandinnershow.at\/es\/wp-json\/wp\/v2\/pages\/272","targetHints":{"allow":["GET"]}}],"collection":[{"href":"https:\/\/dev.austriandinnershow.at\/es\/wp-json\/wp\/v2\/pages"}],"about":[{"href":"https:\/\/dev.austriandinnershow.at\/es\/wp-json\/wp\/v2\/types\/page"}],"author":[{"embeddable":true,"href":"https:\/\/dev.austriandinnershow.at\/es\/wp-json\/wp\/v2\/users\/5"}],"replies":[{"embeddable":true,"href":"https:\/\/dev.austriandinnershow.at\/es\/wp-json\/wp\/v2\/comments?post=272"}],"version-history":[{"count":3,"href":"https:\/\/dev.austriandinnershow.at\/es\/wp-json\/wp\/v2\/pages\/272\/revisions"}],"predecessor-version":[{"id":1952,"href":"https:\/\/dev.austriandinnershow.at\/es\/wp-json\/wp\/v2\/pages\/272\/revisions\/1952"}],"wp:attachment":[{"href":"https:\/\/dev.austriandinnershow.at\/es\/wp-json\/wp\/v2\/media?parent=272"}],"curies":[{"name":"wp","href":"https:\/\/api.w.org\/{rel}","templated":true}]}}