{"id":221,"date":"2016-04-06T10:08:13","date_gmt":"2016-04-06T09:08:13","guid":{"rendered":"https:\/\/dev.austriandinnershow.at\/fr\/?page_id=221"},"modified":"2025-03-18T20:01:29","modified_gmt":"2025-03-18T18:01:29","slug":"startseite","status":"publish","type":"page","link":"https:\/\/dev.austriandinnershow.at\/fr\/","title":{"rendered":"Startseite"},"content":{"rendered":"<h1 style=\"text-align: center;\">Austrian Dinner Show<\/h1>\n<h4 style=\"text-align: center;\">Un voyage musical et culinaire \u00e0 travers l&rsquo;Autriche<\/h4>\n<ul class=\"g1-grid\"><li class=\"g1-column g1-one-third g1-valign-top\" id=\"g1-grid-counter-0\" >\n<p><a class=\"rahmen\" href=\"https:\/\/dev.austriandinnershow.at\/fr\/programme\/\"><img loading=\"lazy\" decoding=\"async\" class=\"alignnone wp-image-1018 size-full\" title=\"Programme\" src=\"https:\/\/dev.austriandinnershow.at\/wp-content\/uploads\/Austrian-Dinner-Show154-1.jpg\" alt=\"\" width=\"484\" height=\"272\" srcset=\"https:\/\/dev.austriandinnershow.at\/wp-content\/uploads\/Austrian-Dinner-Show154-1.jpg 484w, https:\/\/dev.austriandinnershow.at\/wp-content\/uploads\/Austrian-Dinner-Show154-1-302x170.jpg 302w, https:\/\/dev.austriandinnershow.at\/wp-content\/uploads\/Austrian-Dinner-Show154-1-211x119.jpg 211w\" sizes=\"auto, (max-width: 484px) 100vw, 484px\" \/><\/a><\/p>\n<h3>La musique<\/h3>\n<p>\u00abL\u2019ensemble de l\u2019Austrian Dinner Show\u00bb vous r\u00e9jouira avec les plus belles m\u00e9lodies de notre pays.<\/p>\n<a id=\"g1-button-counter-1\" class=\"g1-button g1-medium g1-wide\" href=\"https:\/\/dev.austriandinnershow.at\/fr\/programme\/\" title=\"Programme\" ><span><span>Programme<\/span><\/span><\/a>\n<\/li><!-- --><li class=\"g1-column g1-one-third g1-valign-top\" id=\"g1-grid-counter-1\" >\n<p><a class=\"rahmen\" href=\"https:\/\/dev.austriandinnershow.at\/fr\/menu-lieu\/\"><img loading=\"lazy\" decoding=\"async\" class=\"alignnone wp-image-109 size-g1_one_half\" title=\"Menu &amp; Lieu\" src=\"https:\/\/dev.austriandinnershow.at\/wp-content\/uploads\/austriandinnershow_tisch-484x272.jpg\" alt=\"\" width=\"484\" height=\"272\" srcset=\"https:\/\/dev.austriandinnershow.at\/wp-content\/uploads\/austriandinnershow_tisch-484x272.jpg 484w, https:\/\/dev.austriandinnershow.at\/wp-content\/uploads\/austriandinnershow_tisch-302x170.jpg 302w, https:\/\/dev.austriandinnershow.at\/wp-content\/uploads\/austriandinnershow_tisch-211x119.jpg 211w\" sizes=\"auto, (max-width: 484px) 100vw, 484px\" \/><\/a><\/p>\n<h3>La gastronomie<\/h3>\n<p>Un menu compos\u00e9 de 3 plats &#8211; avec les sp\u00e9cialit\u00e9s de la cuisine r\u00e9gionale.<\/p>\n<a id=\"g1-button-counter-2\" class=\"g1-button g1-medium g1-wide\" href=\"https:\/\/dev.austriandinnershow.at\/fr\/menu-lieu\/\" title=\"Menu &amp; Lieu\" ><span><span>Menu &amp; Lieu<\/span><\/span><\/a>\n<\/li><!-- --><li class=\"g1-column g1-one-third g1-valign-top\" id=\"g1-grid-counter-2\" >\n<p><a class=\"rahmen\" href=\"https:\/\/dev.austriandinnershow.at\/fr\/billets\/\"><img loading=\"lazy\" decoding=\"async\" class=\"alignnone wp-image-124 size-g1_one_half\" title=\"Billets\" src=\"https:\/\/dev.austriandinnershow.at\/wp-content\/uploads\/austriandinnershowRHK10-484x272.jpg\" alt=\"\" width=\"484\" height=\"272\" srcset=\"https:\/\/dev.austriandinnershow.at\/wp-content\/uploads\/austriandinnershowRHK10-484x272.jpg 484w, https:\/\/dev.austriandinnershow.at\/wp-content\/uploads\/austriandinnershowRHK10-302x170.jpg 302w, https:\/\/dev.austriandinnershow.at\/wp-content\/uploads\/austriandinnershowRHK10-211x119.jpg 211w\" sizes=\"auto, (max-width: 484px) 100vw, 484px\" \/><\/a><\/p>\n<h3>Unique en son genre<\/h3>\n<p>Une exp\u00e9rience magnifique \u00e0 un prix avantageux: 85,00 \u20ac 2025 (incl. d\u00eener \/ menu 3 plats sans boissons)<\/p>\n<a id=\"g1-button-counter-3\" class=\"g1-button g1-medium g1-wide\" href=\"https:\/\/dev.austriandinnershow.at\/fr\/billets\/\" title=\"Billets\" ><span><span>Billets<\/span><\/span><\/a>\n<\/li><!-- --><\/ul>\n<hr \/>\n<h1 style=\"text-align: center;\"><span data-sheets-value=\"{&quot;1&quot;:2,&quot;2&quot;:&quot;Mu00e9lodies connues, une cuisine ru00e9gionale&quot;}\" data-sheets-userformat=\"{&quot;2&quot;:513,&quot;3&quot;:[null,0],&quot;12&quot;:0}\">M\u00e9lodies connues, une cuisine r\u00e9gionale<\/span><\/h1>\n<h4 style=\"text-align: center;\">Les notes irr\u00e9sistibles des r\u00e9gions alpines, les plus belles op\u00e9rettes des entourages de Salzbourg, les rythmes infernaux de la polka et, pour finir, la fameuse valse viennoise, o\u00f9 nous mettons \u00e0 l\u2019honneur le 200\u1d49 anniversaire du roi de la valse, Johann Strauss, avec ses \u0153uvres. Laissez vous envo\u00fbter par les musiciens de l\u2019orchestre \u00abAustrian Dinner Show Ensemble\u00bb accompagn\u00e9s de ses excellents et vivants chanteurs et danseurs.<\/h4>\n<ul class=\"g1-grid\"><li class=\"g1-column g1-one-third g1-valign-top\" id=\"g1-grid-counter-0\" >\n<p><a class=\"rahmen\" href=\"https:\/\/dev.austriandinnershow.at\/fr\/billets\/\"><img loading=\"lazy\" decoding=\"async\" class=\"alignnone wp-image-136 size-g1_one_half\" title=\"Dates\" src=\"https:\/\/dev.austriandinnershow.at\/wp-content\/uploads\/termintable-neu.png\" alt=\"\" width=\"484\" height=\"272\" \/><\/a><\/p>\n<h3>Billets<\/h3>\n<a id=\"g1-button-counter-4\" class=\"g1-button g1-medium g1-wide\" href=\"https:\/\/dev.austriandinnershow.at\/fr\/billets\/\" title=\"Achetez vos billets\" ><span><span>Achetez vos billets<\/span><\/span><\/a>\n<\/li><!-- --><li class=\"g1-column g1-one-third g1-valign-top\" id=\"g1-grid-counter-1\" >\n<p><a class=\"rahmen\" href=\"https:\/\/dev.austriandinnershow.at\/fr\/mediatheque\/\"><img loading=\"lazy\" decoding=\"async\" class=\"alignnone size-full wp-image-1898\" src=\"https:\/\/dev.austriandinnershow.at\/wp-content\/uploads\/videoteaser_startseite_fr.jpg\" alt=\"\" width=\"593\" height=\"338\" srcset=\"https:\/\/dev.austriandinnershow.at\/wp-content\/uploads\/videoteaser_startseite_fr.jpg 593w, https:\/\/dev.austriandinnershow.at\/wp-content\/uploads\/videoteaser_startseite_fr-211x119.jpg 211w\" sizes=\"auto, (max-width: 593px) 100vw, 593px\" \/><\/a><\/p>\n<h3>Remarquable<\/h3>\n<a id=\"g1-button-counter-5\" class=\"g1-button g1-medium g1-wide\" href=\"https:\/\/dev.austriandinnershow.at\/fr\/mediatheque\/\" title=\"M\u00e9diath\u00e8que\" ><span><span>M\u00e9diath\u00e8que<\/span><\/span><\/a>\n<\/li><!-- --><li class=\"g1-column g1-one-third g1-valign-top\" id=\"g1-grid-counter-2\" >\n<p><a class=\"rahmen\" href=\"https:\/\/www.facebook.com\/pages\/Austrian-Dinner-Show\/106216742761115\" target=\"_blank\" rel=\"noopener noreferrer\"><img loading=\"lazy\" decoding=\"async\" class=\"alignnone wp-image-171 size-g1_one_half\" title=\"Facebook\" src=\"https:\/\/dev.austriandinnershow.at\/wp-content\/uploads\/teaser-facebook-484x272.jpg\" alt=\"\" width=\"484\" height=\"272\" srcset=\"https:\/\/dev.austriandinnershow.at\/wp-content\/uploads\/teaser-facebook-484x272.jpg 484w, https:\/\/dev.austriandinnershow.at\/wp-content\/uploads\/teaser-facebook-666x375.jpg 666w, https:\/\/dev.austriandinnershow.at\/wp-content\/uploads\/teaser-facebook-302x170.jpg 302w, https:\/\/dev.austriandinnershow.at\/wp-content\/uploads\/teaser-facebook-211x119.jpg 211w\" sizes=\"auto, (max-width: 484px) 100vw, 484px\" \/><\/a><\/p>\n<h3><span data-sheets-value=\"{&quot;1&quot;:2,&quot;2&quot;:&quot;Suivez-nous&quot;}\" data-sheets-userformat=\"{&quot;2&quot;:513,&quot;3&quot;:&#091;null,0&#093;,&quot;12&quot;:0}\">Suivez-nous<\/span><\/h3>\n<a id=\"g1-button-counter-6\" class=\"g1-button g1-medium g1-wide\" href=\"https:\/\/www.facebook.com\/pages\/Austrian-Dinner-Show\/106216742761115\" title=\"Facebook\" ><span><span>Facebook<\/span><\/span><\/a>\n<\/li><!-- --><\/ul>\n","protected":false},"excerpt":{"rendered":"<p>Austrian Dinner Show Un voyage musical et culinaire \u00e0 travers l&rsquo;Autriche M\u00e9lodies connues, une cuisine r\u00e9gionale Les notes irr\u00e9sistibles des r\u00e9gions alpines, les plus belles op\u00e9rettes des entourages de Salzbourg, les rythmes infernaux de la polka et, pour finir, la fameuse valse viennoise, o\u00f9 nous mettons \u00e0 l\u2019honneur le 200\u1d49 anniversaire du roi de la [&hellip;]<\/p>\n","protected":false},"author":5,"featured_media":0,"parent":0,"menu_order":0,"comment_status":"closed","ping_status":"open","template":"g1_template_page_full.php","meta":{"_acf_changed":false,"footnotes":""},"class_list":["post-221","page","type-page","status-publish","hentry"],"acf":[],"yoast_head":"<!-- This site is optimized with the Yoast SEO plugin v26.6 - https:\/\/yoast.com\/wordpress\/plugins\/seo\/ -->\n<title>Austrian Dinner Show - Un voyage musical et culinaire \u00e0 travers l&#039;Autriche<\/title>\n<meta name=\"robots\" content=\"index, follow, max-snippet:-1, max-image-preview:large, max-video-preview:-1\" \/>\n<link rel=\"canonical\" href=\"https:\/\/dev.austriandinnershow.at\/\" \/>\n<meta property=\"og:locale\" content=\"fr_FR\" \/>\n<meta property=\"og:type\" content=\"article\" \/>\n<meta property=\"og:title\" content=\"Austrian Dinner Show - Un voyage musical et culinaire \u00e0 travers l&#039;Autriche\" \/>\n<meta property=\"og:description\" content=\"Austrian Dinner Show Un voyage musical et culinaire \u00e0 travers l&rsquo;Autriche M\u00e9lodies connues, une cuisine r\u00e9gionale Les notes irr\u00e9sistibles des r\u00e9gions alpines, les plus belles op\u00e9rettes des entourages de Salzbourg, les rythmes infernaux de la polka et, pour finir, la fameuse valse viennoise, o\u00f9 nous mettons \u00e0 l\u2019honneur le 200\u1d49 anniversaire du roi de la [&hellip;]\" \/>\n<meta property=\"og:url\" content=\"https:\/\/dev.austriandinnershow.at\/\" \/>\n<meta property=\"og:site_name\" content=\"Austrian Dinner Show\" \/>\n<meta property=\"article:modified_time\" content=\"2025-03-18T18:01:29+00:00\" \/>\n<meta property=\"og:image\" content=\"https:\/\/dev.austriandinnershow.at\/wp-content\/uploads\/Austrian-Dinner-Show154-1.jpg\" \/>\n\t<meta property=\"og:image:width\" content=\"484\" \/>\n\t<meta property=\"og:image:height\" content=\"272\" \/>\n\t<meta property=\"og:image:type\" content=\"image\/jpeg\" \/>\n<meta name=\"twitter:card\" content=\"summary_large_image\" \/>\n<meta name=\"twitter:label1\" content=\"Dur\u00e9e de lecture estim\u00e9e\" \/>\n\t<meta name=\"twitter:data1\" content=\"3 minutes\" \/>\n<script type=\"application\/ld+json\" class=\"yoast-schema-graph\">{\"@context\":\"https:\/\/schema.org\",\"@graph\":[{\"@type\":\"WebPage\",\"@id\":\"https:\/\/dev.austriandinnershow.at\/\",\"url\":\"https:\/\/dev.austriandinnershow.at\/\",\"name\":\"Austrian Dinner Show - Un voyage musical et culinaire \u00e0 travers l'Autriche\",\"isPartOf\":{\"@id\":\"https:\/\/dev.austriandinnershow.at\/#website\"},\"primaryImageOfPage\":{\"@id\":\"https:\/\/dev.austriandinnershow.at\/#primaryimage\"},\"image\":{\"@id\":\"https:\/\/dev.austriandinnershow.at\/#primaryimage\"},\"thumbnailUrl\":\"https:\/\/dev.austriandinnershow.at\/wp-content\/uploads\/Austrian-Dinner-Show154-1.jpg\",\"datePublished\":\"2016-04-06T09:08:13+00:00\",\"dateModified\":\"2025-03-18T18:01:29+00:00\",\"breadcrumb\":{\"@id\":\"https:\/\/dev.austriandinnershow.at\/#breadcrumb\"},\"inLanguage\":\"fr-FR\",\"potentialAction\":[{\"@type\":\"ReadAction\",\"target\":[\"https:\/\/dev.austriandinnershow.at\/\"]}]},{\"@type\":\"ImageObject\",\"inLanguage\":\"fr-FR\",\"@id\":\"https:\/\/dev.austriandinnershow.at\/#primaryimage\",\"url\":\"https:\/\/dev.austriandinnershow.at\/wp-content\/uploads\/Austrian-Dinner-Show154-1.jpg\",\"contentUrl\":\"https:\/\/dev.austriandinnershow.at\/wp-content\/uploads\/Austrian-Dinner-Show154-1.jpg\"},{\"@type\":\"BreadcrumbList\",\"@id\":\"https:\/\/dev.austriandinnershow.at\/#breadcrumb\",\"itemListElement\":[{\"@type\":\"ListItem\",\"position\":1,\"name\":\"Home\",\"item\":\"https:\/\/dev.austriandinnershow.at\/\"},{\"@type\":\"ListItem\",\"position\":2,\"name\":\"Startseite\"}]},{\"@type\":\"WebSite\",\"@id\":\"https:\/\/dev.austriandinnershow.at\/#website\",\"url\":\"https:\/\/dev.austriandinnershow.at\/\",\"name\":\"Austrian Dinner Show\",\"description\":\"Austrian Dinner Show\",\"potentialAction\":[{\"@type\":\"SearchAction\",\"target\":{\"@type\":\"EntryPoint\",\"urlTemplate\":\"https:\/\/dev.austriandinnershow.at\/?s={search_term_string}\"},\"query-input\":{\"@type\":\"PropertyValueSpecification\",\"valueRequired\":true,\"valueName\":\"search_term_string\"}}],\"inLanguage\":\"fr-FR\"}]}<\/script>\n<!-- \/ Yoast SEO plugin. -->","yoast_head_json":{"title":"Austrian Dinner Show - Un voyage musical et culinaire \u00e0 travers l'Autriche","robots":{"index":"index","follow":"follow","max-snippet":"max-snippet:-1","max-image-preview":"max-image-preview:large","max-video-preview":"max-video-preview:-1"},"canonical":"https:\/\/dev.austriandinnershow.at\/","og_locale":"fr_FR","og_type":"article","og_title":"Austrian Dinner Show - Un voyage musical et culinaire \u00e0 travers l'Autriche","og_description":"Austrian Dinner Show Un voyage musical et culinaire \u00e0 travers l&rsquo;Autriche M\u00e9lodies connues, une cuisine r\u00e9gionale Les notes irr\u00e9sistibles des r\u00e9gions alpines, les plus belles op\u00e9rettes des entourages de Salzbourg, les rythmes infernaux de la polka et, pour finir, la fameuse valse viennoise, o\u00f9 nous mettons \u00e0 l\u2019honneur le 200\u1d49 anniversaire du roi de la [&hellip;]","og_url":"https:\/\/dev.austriandinnershow.at\/","og_site_name":"Austrian Dinner Show","article_modified_time":"2025-03-18T18:01:29+00:00","og_image":[{"width":484,"height":272,"url":"https:\/\/dev.austriandinnershow.at\/wp-content\/uploads\/Austrian-Dinner-Show154-1.jpg","type":"image\/jpeg"}],"twitter_card":"summary_large_image","twitter_misc":{"Dur\u00e9e de lecture estim\u00e9e":"3 minutes"},"schema":{"@context":"https:\/\/schema.org","@graph":[{"@type":"WebPage","@id":"https:\/\/dev.austriandinnershow.at\/","url":"https:\/\/dev.austriandinnershow.at\/","name":"Austrian Dinner Show - Un voyage musical et culinaire \u00e0 travers l'Autriche","isPartOf":{"@id":"https:\/\/dev.austriandinnershow.at\/#website"},"primaryImageOfPage":{"@id":"https:\/\/dev.austriandinnershow.at\/#primaryimage"},"image":{"@id":"https:\/\/dev.austriandinnershow.at\/#primaryimage"},"thumbnailUrl":"https:\/\/dev.austriandinnershow.at\/wp-content\/uploads\/Austrian-Dinner-Show154-1.jpg","datePublished":"2016-04-06T09:08:13+00:00","dateModified":"2025-03-18T18:01:29+00:00","breadcrumb":{"@id":"https:\/\/dev.austriandinnershow.at\/#breadcrumb"},"inLanguage":"fr-FR","potentialAction":[{"@type":"ReadAction","target":["https:\/\/dev.austriandinnershow.at\/"]}]},{"@type":"ImageObject","inLanguage":"fr-FR","@id":"https:\/\/dev.austriandinnershow.at\/#primaryimage","url":"https:\/\/dev.austriandinnershow.at\/wp-content\/uploads\/Austrian-Dinner-Show154-1.jpg","contentUrl":"https:\/\/dev.austriandinnershow.at\/wp-content\/uploads\/Austrian-Dinner-Show154-1.jpg"},{"@type":"BreadcrumbList","@id":"https:\/\/dev.austriandinnershow.at\/#breadcrumb","itemListElement":[{"@type":"ListItem","position":1,"name":"Home","item":"https:\/\/dev.austriandinnershow.at\/"},{"@type":"ListItem","position":2,"name":"Startseite"}]},{"@type":"WebSite","@id":"https:\/\/dev.austriandinnershow.at\/#website","url":"https:\/\/dev.austriandinnershow.at\/","name":"Austrian Dinner Show","description":"Austrian Dinner Show","potentialAction":[{"@type":"SearchAction","target":{"@type":"EntryPoint","urlTemplate":"https:\/\/dev.austriandinnershow.at\/?s={search_term_string}"},"query-input":{"@type":"PropertyValueSpecification","valueRequired":true,"valueName":"search_term_string"}}],"inLanguage":"fr-FR"}]}},"_links":{"self":[{"href":"https:\/\/dev.austriandinnershow.at\/fr\/wp-json\/wp\/v2\/pages\/221","targetHints":{"allow":["GET"]}}],"collection":[{"href":"https:\/\/dev.austriandinnershow.at\/fr\/wp-json\/wp\/v2\/pages"}],"about":[{"href":"https:\/\/dev.austriandinnershow.at\/fr\/wp-json\/wp\/v2\/types\/page"}],"author":[{"embeddable":true,"href":"https:\/\/dev.austriandinnershow.at\/fr\/wp-json\/wp\/v2\/users\/5"}],"replies":[{"embeddable":true,"href":"https:\/\/dev.austriandinnershow.at\/fr\/wp-json\/wp\/v2\/comments?post=221"}],"version-history":[{"count":10,"href":"https:\/\/dev.austriandinnershow.at\/fr\/wp-json\/wp\/v2\/pages\/221\/revisions"}],"predecessor-version":[{"id":2943,"href":"https:\/\/dev.austriandinnershow.at\/fr\/wp-json\/wp\/v2\/pages\/221\/revisions\/2943"}],"wp:attachment":[{"href":"https:\/\/dev.austriandinnershow.at\/fr\/wp-json\/wp\/v2\/media?parent=221"}],"curies":[{"name":"wp","href":"https:\/\/api.w.org\/{rel}","templated":true}]}}