{"id":223,"date":"2016-04-06T10:13:42","date_gmt":"2016-04-06T09:13:42","guid":{"rendered":"https:\/\/dev.austriandinnershow.at\/fr\/?page_id=223"},"modified":"2025-03-18T19:47:10","modified_gmt":"2025-03-18T17:47:10","slug":"programme","status":"publish","type":"page","link":"https:\/\/dev.austriandinnershow.at\/fr\/programme\/","title":{"rendered":"Programme"},"content":{"rendered":"<ul class=\"g1-grid\"><li class=\"g1-column g1-one-half g1-valign-top\" id=\"g1-grid-counter-0\" >\n<h2>Un voyage musical et culinaire \u00e0 travers l&rsquo;Autriche<\/h2>\n<div class=\"sp-dsgvo sp-dsgvo-embedding-container sp-dsgvo-embedding-vimeo \">\n<div class=\"sp-dsgvo-blocked-embedding-placeholder sp-dsgvo-blocked-embedding-placeholder-vimeo\">\n<div class=\"sp-dsgvo-blocked-embedding-placeholder-header\"><img decoding=\"async\" class=\"sp-dsgvo-blocked-embedding-placeholder-header-icon\" src=\"https:\/\/dev.austriandinnershow.at\/wp-content\/plugins\/shapepress-dsgvo\/public\/images\/embeddings\/icon-vimeo.svg\"\/>We need your consent to load the content of Vimeo.<\/div>\n<div class=\"sp-dsgvo-blocked-embedding-placeholder-body\">\n<p>Mit dem Klick auf das Video werden durch den mit uns gemeinsam Verantwortlichen Vimeo [Vimeo Inc., USA] das Video abgespielt, auf Ihrem Endger\u00e4t Skripte geladen, Cookies gespeichert und personenbezogene Daten erfasst. Damit kann Vimeo Aktivit\u00e4ten im Internet verfolgen und Werbung zielgruppengerecht ausspielen. Es erfolgt eine Daten\u00fcbermittlung in die USA, diese verf\u00fcgt \u00fcber keinen EU-konformen Datenschutz. Weitere Informationen finden Sie <a target=\"_blank\" href=\"#\" class=\"sp-dsgvo-navigate-privacy-policy\">hier<\/a>.<\/p>\n<div class=\"sp-dsgvo-blocked-embedding-button-container\"> <a href=\"#\" class=\"sp-dsgvo-direct-enable-popup sp-dsgvo-blocked-embedding-button-enable\" data-slug=\"vimeo\">Click here to enable this content.<\/a><\/div>\n<\/p><\/div>\n<\/div>\n<div class=\"sp-dsgvo-hidden-embedding-content sp-dsgvo-hidden-embedding-content-vimeo\" data-sp-dsgvo-embedding-slug=\"vimeo\">Jmx0O2RpdiBpZD0mcXVvdDtnMS1mbHVpZC13cmFwcGVyLWNvdW50ZXItMSZxdW90OyBjbGFzcz0mcXVvdDtnMS1mbHVpZC13cmFwcGVyJnF1b3Q7IHN0eWxlPSZxdW90O3dpZHRoOjY4NnB4OyZxdW90OyZndDsmbHQ7ZGl2IHN0eWxlPSZxdW90O3BhZGRpbmctYm90dG9tOjU2LjI2ODIyMTU3NDMlOyZxdW90OyZndDsmbHQ7aWZyYW1lIHNyYz0mcXVvdDtodHRwczovL3BsYXllci52aW1lby5jb20vdmlkZW8vNjk3NzYxMDM5P2g9OTMyZmY5MDQ4MSZhbXA7YW1wO2RudD0xJmFtcDthbXA7YXBwX2lkPTEyMjk2MyZxdW90OyB3aWR0aD0mcXVvdDs2ODYmcXVvdDsgaGVpZ2h0PSZxdW90OzM4NiZxdW90OyBmcmFtZWJvcmRlcj0mcXVvdDswJnF1b3Q7IGFsbG93PSZxdW90O2F1dG9wbGF5OyBmdWxsc2NyZWVuOyBwaWN0dXJlLWluLXBpY3R1cmUmcXVvdDsgYWxsb3dmdWxsc2NyZWVuJmd0OyZsdDsvaWZyYW1lJmd0OyZsdDsvZGl2Jmd0OyZsdDsvZGl2Jmd0Ow==<\/div>\n<\/div>\n<\/li><!-- --><li class=\"g1-column g1-one-half g1-valign-top\" id=\"g1-grid-counter-1\" >\n<p>Partant des montagnes du Tirol, passant par Salzbourg, la r\u00e9gion de Salzkammergut et la vall\u00e9e du Danube, jusqu\u00b4au grand final \u00e0 Vienne, c\u00b4est l\u00e0 que nous emm\u00e8ne notre excursion musicale \u00e0 travers l\u00b4Autriche. <span class=\"hervorheber\">\u00ab L\u00b4Austrian Dinner Show \u00bb<\/span> vous r\u00e9jouira avec les meilleures sp\u00e9cialit\u00e9s de la cuisine r\u00e9gionale et les plus belles m\u00e9lodies de notre pays. Les notes irr\u00e9sistibles des r\u00e9gions alpines, les plus belles op\u00e9rettes des entourages de Salzbourg, les rythmes infernaux de la polka et pour finir, la fameuse valse viennoise. En 2025, toute Vienne f\u00eate son roi de la valse \u2013 Johann Strauss et le 200\u1d49 anniversaire de sa naissance. \u00c0 cette occasion, nous vous pr\u00e9sentons, dans notre troisi\u00e8me partie de spectacle, les plus belles m\u00e9lodies de valses et d\u2019op\u00e9rettes d\u2019un des compositeurs les plus c\u00e9l\u00e8bres au monde, originaire de notre ville. Aissez vous envo\u00fbter par les musiciens de l\u00b4orchestre <span class=\"hervorheber\">\u00abAustrian Dinner Show Ensemble\u00bb<\/span> accompagn\u00e9s par ses excellents chanteurs et danseurs dynamiques qui vous pr\u00e9senteront les tr\u00e9sors musicaux de l\u00b4Autriche lors de ce show incomparable.<\/p>\n<\/li><!-- --><\/ul>\n<hr \/>\n<ul class=\"g1-grid\"><li class=\"g1-column g1-one-half g1-valign-top\" id=\"g1-grid-counter-0\" >\n<h3>Programme:<\/h3>\n<p>Entre les diff\u00e9rents plats nos clients assisteront \u00e0 un programme imp\u00e9tueux, divis\u00e9 en trois parties principales. Pendant le d\u00eener, entre les diferentes sc\u00e8nes, l\u2019orchestre vous r\u00e9jouira avec les notes de la musique de salon viennoise. La plupart des \u0153uvres pr\u00e9sent\u00e9es ici sont \u00e9galement sign\u00e9es par le ma\u00eetre compositeur Johann Strauss fils.<\/p>\n<h3>Ensemble:<\/h3>\n<p><span class=\"hervorheber\">\u00ab L\u00b4Austrian Dinner ShowEnsemble \u00bb<\/span> est compos\u00e9 par d\u00b4excellents musiciens, chanteurs solistes et danseurs de tr\u00e8s haut niveau qui vous pr\u00e9senteront les th\u00e8mes musicaux dans les costumes des diff\u00e9rentes r\u00e9gions du pays. Nos artistes vous enchanteront en vous faisant conna\u00eetre les tr\u00e9sors de la musique autrichienne.<\/p>\n<\/li><!-- --><li class=\"g1-column g1-one-half g1-valign-top\" id=\"g1-grid-counter-1\" >\n<h3><span data-sheets-value=\"{&quot;1&quot;:2,&quot;2&quot;:&quot;les sc\\u00e8nes&quot;}\" data-sheets-userformat=\"{&quot;2&quot;:513,&quot;3&quot;:[null,0],&quot;12&quot;:0}\">Les sc\u00e8nes<\/span><\/h3>\n<p><strong>Sc\u00e8ne 1: Quand on s\u00b4offre des roses au Tirol&#8230;<\/strong><br \/>\nEntr\u00e9e musicale de l\u00b4ensemble des artistes, suivie par des extraits de l\u00b4op\u00e9rette \u00ab Le Marchand d\u00b4Oiseaux \u00bb et des titres purement musicaux pr\u00e9sent\u00e9s par notre corps de ballet, comme p.ex. \u00ab la danse nuptiale de la r\u00e9gion du Zillertal \u00bb et d\u00b4autres m\u00e9lodies tr\u00e8s connues de la r\u00e9gion du Tirol.<\/p>\n<p><strong>Sc\u00e8ne 2: Le \u00ab\u00a0Salzkammergut\u00a0\u00bb<\/strong><br \/>\nDes extraits de l\u00b4op\u00e9rette \u00ab Im Weissen R\u00f6ssl am Wolfgangsee \u00bb. Les m\u00e9lodies du fameux film \u00ab\u00a0The Sound of Music\u00a0\u00bb comme p. ex. \u00ab\u00a0Edelweiss\u00a0\u00bb et une s\u00e9rie d\u00b4autres chansons typiques qui vous feront vivre l\u00b4atmosph\u00e8re incomparable de la r\u00e9gion de \u00ab Salzkammergut \u00bb.<\/p>\n<p><strong>Sc\u00e8ne 3: \u00ab\u00a0Le beau Danube bleu\u00a0\u00bb<\/strong><br \/>\nUn feu d\u00b4artifice des plus fameuses musiques d\u00b4op\u00e9rettes viennoises. Les oeuvres les plus connues des compositeurs comme Johann Strauss, Robert Stolz et Franz L\u00e9har &#8211; par exemple \u00ab Le baron tsigane \u00bb, \u00ab Sang viennois \u00bb et beaucoups d\u00b4autres ! Le point culminant et final sera pr\u00e9sent\u00e9 par notre corps de ballet qui vous enchantera sur les notes des plus belles valses viennoises &#8211; comme p. ex. \u00ab Le beau Danube bleu \u00bb.<\/p>\n<\/li><!-- --><\/ul>\n<hr \/>\n<ul class=\"g1-grid\"><li class=\"g1-column g1-one-half g1-valign-top\" id=\"g1-grid-counter-0\" >\n<a id=\"g1-button-counter-1\" class=\"g1-button g1-medium g1-wide alignleft\" href=\"https:\/\/dev.austriandinnershow.at\/fr\/menu-lieu\/\" title=\"Menu &amp; Lieu\" ><span><span>Menu &amp; Lieu<\/span><\/span><\/a>\n<\/li><!-- --><li class=\"g1-column g1-one-half g1-valign-top\" id=\"g1-grid-counter-1\" >\n<a id=\"g1-button-counter-2\" class=\"g1-button g1-medium g1-wide alignright\" href=\"https:\/\/dev.austriandinnershow.at\/fr\/dates-2025\/\" title=\"Dates\" ><span><span>Dates<\/span><\/span><\/a>\n<\/li><!-- --><\/ul>\n","protected":false},"excerpt":{"rendered":"","protected":false},"author":5,"featured_media":0,"parent":0,"menu_order":5,"comment_status":"closed","ping_status":"closed","template":"","meta":{"_acf_changed":false,"footnotes":""},"class_list":["post-223","page","type-page","status-publish","hentry"],"acf":[],"yoast_head":"<!-- This site is optimized with the Yoast SEO plugin v26.6 - https:\/\/yoast.com\/wordpress\/plugins\/seo\/ -->\n<title>Programme - Austrian Dinner Show<\/title>\n<meta name=\"robots\" content=\"index, follow, max-snippet:-1, max-image-preview:large, max-video-preview:-1\" \/>\n<link rel=\"canonical\" href=\"https:\/\/dev.austriandinnershow.at\/fr\/programme\/\" \/>\n<meta property=\"og:locale\" content=\"fr_FR\" \/>\n<meta property=\"og:type\" content=\"article\" \/>\n<meta property=\"og:title\" content=\"Programme - Austrian Dinner Show\" \/>\n<meta property=\"og:url\" content=\"https:\/\/dev.austriandinnershow.at\/fr\/programme\/\" \/>\n<meta property=\"og:site_name\" content=\"Austrian Dinner Show\" \/>\n<meta property=\"article:modified_time\" content=\"2025-03-18T17:47:10+00:00\" \/>\n<meta property=\"og:image\" content=\"https:\/\/dev.austriandinnershow.at\/wp-content\/uploads\/austriandinnershow097.jpg\" \/>\n\t<meta property=\"og:image:width\" content=\"530\" \/>\n\t<meta property=\"og:image:height\" content=\"355\" \/>\n\t<meta property=\"og:image:type\" content=\"image\/jpeg\" \/>\n<meta name=\"twitter:card\" content=\"summary_large_image\" \/>\n<meta name=\"twitter:label1\" content=\"Dur\u00e9e de lecture estim\u00e9e\" \/>\n\t<meta name=\"twitter:data1\" content=\"3 minutes\" \/>\n<script type=\"application\/ld+json\" class=\"yoast-schema-graph\">{\"@context\":\"https:\/\/schema.org\",\"@graph\":[{\"@type\":\"WebPage\",\"@id\":\"https:\/\/dev.austriandinnershow.at\/fr\/programme\/\",\"url\":\"https:\/\/dev.austriandinnershow.at\/fr\/programme\/\",\"name\":\"Programme - Austrian Dinner Show\",\"isPartOf\":{\"@id\":\"https:\/\/dev.austriandinnershow.at\/#website\"},\"datePublished\":\"2016-04-06T09:13:42+00:00\",\"dateModified\":\"2025-03-18T17:47:10+00:00\",\"breadcrumb\":{\"@id\":\"https:\/\/dev.austriandinnershow.at\/fr\/programme\/#breadcrumb\"},\"inLanguage\":\"fr-FR\",\"potentialAction\":[{\"@type\":\"ReadAction\",\"target\":[\"https:\/\/dev.austriandinnershow.at\/fr\/programme\/\"]}]},{\"@type\":\"BreadcrumbList\",\"@id\":\"https:\/\/dev.austriandinnershow.at\/fr\/programme\/#breadcrumb\",\"itemListElement\":[{\"@type\":\"ListItem\",\"position\":1,\"name\":\"Home\",\"item\":\"https:\/\/dev.austriandinnershow.at\/\"},{\"@type\":\"ListItem\",\"position\":2,\"name\":\"Programme\"}]},{\"@type\":\"WebSite\",\"@id\":\"https:\/\/dev.austriandinnershow.at\/#website\",\"url\":\"https:\/\/dev.austriandinnershow.at\/\",\"name\":\"Austrian Dinner Show\",\"description\":\"Austrian Dinner Show\",\"potentialAction\":[{\"@type\":\"SearchAction\",\"target\":{\"@type\":\"EntryPoint\",\"urlTemplate\":\"https:\/\/dev.austriandinnershow.at\/?s={search_term_string}\"},\"query-input\":{\"@type\":\"PropertyValueSpecification\",\"valueRequired\":true,\"valueName\":\"search_term_string\"}}],\"inLanguage\":\"fr-FR\"}]}<\/script>\n<!-- \/ Yoast SEO plugin. -->","yoast_head_json":{"title":"Programme - Austrian Dinner Show","robots":{"index":"index","follow":"follow","max-snippet":"max-snippet:-1","max-image-preview":"max-image-preview:large","max-video-preview":"max-video-preview:-1"},"canonical":"https:\/\/dev.austriandinnershow.at\/fr\/programme\/","og_locale":"fr_FR","og_type":"article","og_title":"Programme - Austrian Dinner Show","og_url":"https:\/\/dev.austriandinnershow.at\/fr\/programme\/","og_site_name":"Austrian Dinner Show","article_modified_time":"2025-03-18T17:47:10+00:00","og_image":[{"width":530,"height":355,"url":"https:\/\/dev.austriandinnershow.at\/wp-content\/uploads\/austriandinnershow097.jpg","type":"image\/jpeg"}],"twitter_card":"summary_large_image","twitter_misc":{"Dur\u00e9e de lecture estim\u00e9e":"3 minutes"},"schema":{"@context":"https:\/\/schema.org","@graph":[{"@type":"WebPage","@id":"https:\/\/dev.austriandinnershow.at\/fr\/programme\/","url":"https:\/\/dev.austriandinnershow.at\/fr\/programme\/","name":"Programme - Austrian Dinner Show","isPartOf":{"@id":"https:\/\/dev.austriandinnershow.at\/#website"},"datePublished":"2016-04-06T09:13:42+00:00","dateModified":"2025-03-18T17:47:10+00:00","breadcrumb":{"@id":"https:\/\/dev.austriandinnershow.at\/fr\/programme\/#breadcrumb"},"inLanguage":"fr-FR","potentialAction":[{"@type":"ReadAction","target":["https:\/\/dev.austriandinnershow.at\/fr\/programme\/"]}]},{"@type":"BreadcrumbList","@id":"https:\/\/dev.austriandinnershow.at\/fr\/programme\/#breadcrumb","itemListElement":[{"@type":"ListItem","position":1,"name":"Home","item":"https:\/\/dev.austriandinnershow.at\/"},{"@type":"ListItem","position":2,"name":"Programme"}]},{"@type":"WebSite","@id":"https:\/\/dev.austriandinnershow.at\/#website","url":"https:\/\/dev.austriandinnershow.at\/","name":"Austrian Dinner Show","description":"Austrian Dinner Show","potentialAction":[{"@type":"SearchAction","target":{"@type":"EntryPoint","urlTemplate":"https:\/\/dev.austriandinnershow.at\/?s={search_term_string}"},"query-input":{"@type":"PropertyValueSpecification","valueRequired":true,"valueName":"search_term_string"}}],"inLanguage":"fr-FR"}]}},"_links":{"self":[{"href":"https:\/\/dev.austriandinnershow.at\/fr\/wp-json\/wp\/v2\/pages\/223","targetHints":{"allow":["GET"]}}],"collection":[{"href":"https:\/\/dev.austriandinnershow.at\/fr\/wp-json\/wp\/v2\/pages"}],"about":[{"href":"https:\/\/dev.austriandinnershow.at\/fr\/wp-json\/wp\/v2\/types\/page"}],"author":[{"embeddable":true,"href":"https:\/\/dev.austriandinnershow.at\/fr\/wp-json\/wp\/v2\/users\/5"}],"replies":[{"embeddable":true,"href":"https:\/\/dev.austriandinnershow.at\/fr\/wp-json\/wp\/v2\/comments?post=223"}],"version-history":[{"count":11,"href":"https:\/\/dev.austriandinnershow.at\/fr\/wp-json\/wp\/v2\/pages\/223\/revisions"}],"predecessor-version":[{"id":2938,"href":"https:\/\/dev.austriandinnershow.at\/fr\/wp-json\/wp\/v2\/pages\/223\/revisions\/2938"}],"wp:attachment":[{"href":"https:\/\/dev.austriandinnershow.at\/fr\/wp-json\/wp\/v2\/media?parent=223"}],"curies":[{"name":"wp","href":"https:\/\/api.w.org\/{rel}","templated":true}]}}