{"id":225,"date":"2016-04-06T10:18:27","date_gmt":"2016-04-06T09:18:27","guid":{"rendered":"https:\/\/dev.austriandinnershow.at\/fr\/?page_id=225"},"modified":"2025-02-13T14:06:09","modified_gmt":"2025-02-13T12:06:09","slug":"menu-lieu","status":"publish","type":"page","link":"https:\/\/dev.austriandinnershow.at\/fr\/menu-lieu\/","title":{"rendered":"Menu &#038; lieu"},"content":{"rendered":"<ul class=\"g1-grid\"><li class=\"g1-column g1-one-half g1-valign-top\" id=\"g1-grid-counter-0\" >\n<h2>L\u2019harmonie parfait!<\/h2>\n<h2><img loading=\"lazy\" decoding=\"async\" class=\"alignnone wp-image-883 size-medium\" src=\"https:\/\/dev.austriandinnershow.at\/wp-content\/uploads\/20181207_SR_2865-600x400.jpg\" alt=\"\" width=\"600\" height=\"400\" srcset=\"https:\/\/dev.austriandinnershow.at\/wp-content\/uploads\/20181207_SR_2865-600x400.jpg 600w, https:\/\/dev.austriandinnershow.at\/wp-content\/uploads\/20181207_SR_2865-1280x853.jpg 1280w\" sizes=\"auto, (max-width: 600px) 100vw, 600px\" \/><\/h2>\n<\/li><!-- --><li class=\"g1-column g1-one-half g1-valign-top\" id=\"g1-grid-counter-1\" >\n<h3><span data-sheets-userformat=\"{&quot;2&quot;:513,&quot;3&quot;:[null,0],&quot;12&quot;:0}\" data-sheets-value=\"{&quot;1&quot;:2,&quot;2&quot;:&quot;Le menu&quot;}\">Le menu<\/span><\/h3>\n<ul>\n<li>Hors d&rsquo;\u0153uvres vari\u00e9s a la viennoise<\/li>\n<li>Boeuf brais\u00e9e au four servie avec des l\u00e9gumes et gratin de pommes de terre<\/li>\n<li>Kaiserschmarrn \u2013 omelette coup\u00e9e en morceaux avec compote de prunes<\/li>\n<\/ul>\n<p><strong><span class=\"hervorheber\">Menus sp\u00e9ciaux pour groupes possibles sur demande!<\/span><\/strong><br \/>\nTel.: (+43 1) 274 90 46<\/p>\n<\/li><!-- --><\/ul>\n<hr \/>\n<ul class=\"g1-grid\"><li class=\"g1-column g1-one-half g1-valign-top\" id=\"g1-grid-counter-0\" >\n<h3>Lieu de la repr\u00e9sentation:<\/h3>\n<p>Au c\u0153ur de Vienne, directement \u00e0 c\u00f4t\u00e9 du Ring, vous attend l&rsquo;ambiance unique des diverses salles du \u00abRathauskeller\u00bb, situ\u00e9es dans la cave vo\u00fbt\u00e9e du fameux H\u00f4tel de Ville de Vienne. C&rsquo;est dans ce cadre magnifique, compl\u00e8tement r\u00e9nov\u00e9 en 2005, que la tradition de l&rsquo;hospitalit\u00e9 viennoise de haut niveau se poursuit.<\/p>\n<p><span class=\"hervorheber\">\u00ab\u00a0L\u00b4Austrian Dinner Show\u00a0\u00bb<\/span> a lieu dans le <a style=\"line-height: 1.5;\" href=\"http:\/\/www.wiener-rathauskeller.at\/en\" target=\"_blank\" rel=\"noopener noreferrer\">\u00ab WIENER RATHAUSKELLER\u00a0\u00bb<\/a><span style=\"line-height: 1.5;\">.<\/span><\/p>\n<p>Adresse: Rathausplatz 1 \/ 1010 Vienne<br \/>\n<span id=\"result_box\"><span title=\"Lage\">Emplacement<\/span><\/span>: dans l&rsquo;h\u00f4tel de ville \/ sur l&rsquo;avenue Ringstrasse<\/p>\n<\/li><!-- --><li class=\"g1-column g1-one-half g1-valign-top\" id=\"g1-grid-counter-1\" >\n<h3><span data-sheets-userformat=\"{&quot;2&quot;:513,&quot;3&quot;:[null,0],&quot;12&quot;:0}\" data-sheets-value=\"{&quot;1&quot;:2,&quot;2&quot;:&quot;L'arriv\\u00e9e&quot;}\">L&rsquo;arriv\u00e9e<\/span><\/h3>\n<p><strong>en voiture<br \/>\n<\/strong>parking pour voitures \u00ab\u00a0Rathauspark\u00a0\u00bb dans les entourages<\/p>\n<p><strong>en bus<br \/>\n<\/strong>parking pour les cars en face de la porte du restaurant<\/p>\n<p><strong>en transport public<br \/>\n<\/strong>m\u00e9tro nr. U 2 o\u00f9 le tram nr. 1, 71, 2 ou D<\/p>\n<\/li><!-- --><\/ul>\n<hr \/>\n<ul class=\"g1-grid\"><li class=\"g1-column g1-one-half g1-valign-top\" id=\"g1-grid-counter-0\" >\n<a id=\"g1-button-counter-1\" class=\"g1-button g1-medium g1-wide alignleft new-window\" href=\"http:\/\/maps.google.fr\/maps?f=q&#038;source=s_q&#038;hl=fr&#038;geocode=&#038;q=Wiener+Rathauskeller&#038;sll=48.864715,13.601074&#038;sspn=10.469459,19.753418&#038;ie=UTF8&#038;hq=Wiener+Rathauskeller&#038;hnear=&#038;z=13&#038;iwloc=A\" title=\"Plan de Situation\" ><span><span>Plan de Situation<\/span><\/span><\/a>\n<\/li><!-- --><li class=\"g1-column g1-one-half g1-valign-top\" id=\"g1-grid-counter-1\" >\n<a id=\"g1-button-counter-2\" class=\"g1-button g1-medium g1-wide alignright\" href=\"https:\/\/dev.austriandinnershow.at\/fr\/dates-2025\/\" title=\"Dates\" ><span><span>Dates<\/span><\/span><\/a>\n<\/li><!-- --><\/ul>\n","protected":false},"excerpt":{"rendered":"","protected":false},"author":5,"featured_media":0,"parent":0,"menu_order":10,"comment_status":"closed","ping_status":"closed","template":"","meta":{"_acf_changed":false,"footnotes":""},"class_list":["post-225","page","type-page","status-publish","hentry"],"acf":[],"yoast_head":"<!-- This site is optimized with the Yoast SEO plugin v26.6 - https:\/\/yoast.com\/wordpress\/plugins\/seo\/ -->\n<title>Menu &amp; lieu - Austrian Dinner Show<\/title>\n<meta name=\"robots\" content=\"index, follow, max-snippet:-1, max-image-preview:large, max-video-preview:-1\" \/>\n<link rel=\"canonical\" href=\"https:\/\/dev.austriandinnershow.at\/fr\/menu-lieu\/\" \/>\n<meta property=\"og:locale\" content=\"fr_FR\" \/>\n<meta property=\"og:type\" content=\"article\" \/>\n<meta property=\"og:title\" content=\"Menu &amp; lieu - Austrian Dinner Show\" \/>\n<meta property=\"og:url\" content=\"https:\/\/dev.austriandinnershow.at\/fr\/menu-lieu\/\" \/>\n<meta property=\"og:site_name\" content=\"Austrian Dinner Show\" \/>\n<meta property=\"article:modified_time\" content=\"2025-02-13T12:06:09+00:00\" \/>\n<meta property=\"og:image\" content=\"https:\/\/dev.austriandinnershow.at\/wp-content\/uploads\/20181207_SR_2865-1280x853.jpg\" \/>\n\t<meta property=\"og:image:width\" content=\"1280\" \/>\n\t<meta property=\"og:image:height\" content=\"853\" \/>\n\t<meta property=\"og:image:type\" content=\"image\/jpeg\" \/>\n<meta name=\"twitter:card\" content=\"summary_large_image\" \/>\n<meta name=\"twitter:label1\" content=\"Dur\u00e9e de lecture estim\u00e9e\" \/>\n\t<meta name=\"twitter:data1\" content=\"2 minutes\" \/>\n<script type=\"application\/ld+json\" class=\"yoast-schema-graph\">{\"@context\":\"https:\/\/schema.org\",\"@graph\":[{\"@type\":\"WebPage\",\"@id\":\"https:\/\/dev.austriandinnershow.at\/fr\/menu-lieu\/\",\"url\":\"https:\/\/dev.austriandinnershow.at\/fr\/menu-lieu\/\",\"name\":\"Menu & lieu - Austrian Dinner Show\",\"isPartOf\":{\"@id\":\"https:\/\/dev.austriandinnershow.at\/#website\"},\"primaryImageOfPage\":{\"@id\":\"https:\/\/dev.austriandinnershow.at\/fr\/menu-lieu\/#primaryimage\"},\"image\":{\"@id\":\"https:\/\/dev.austriandinnershow.at\/fr\/menu-lieu\/#primaryimage\"},\"thumbnailUrl\":\"https:\/\/dev.austriandinnershow.at\/wp-content\/uploads\/20181207_SR_2865-600x400.jpg\",\"datePublished\":\"2016-04-06T09:18:27+00:00\",\"dateModified\":\"2025-02-13T12:06:09+00:00\",\"breadcrumb\":{\"@id\":\"https:\/\/dev.austriandinnershow.at\/fr\/menu-lieu\/#breadcrumb\"},\"inLanguage\":\"fr-FR\",\"potentialAction\":[{\"@type\":\"ReadAction\",\"target\":[\"https:\/\/dev.austriandinnershow.at\/fr\/menu-lieu\/\"]}]},{\"@type\":\"ImageObject\",\"inLanguage\":\"fr-FR\",\"@id\":\"https:\/\/dev.austriandinnershow.at\/fr\/menu-lieu\/#primaryimage\",\"url\":\"https:\/\/dev.austriandinnershow.at\/wp-content\/uploads\/20181207_SR_2865-600x400.jpg\",\"contentUrl\":\"https:\/\/dev.austriandinnershow.at\/wp-content\/uploads\/20181207_SR_2865-600x400.jpg\"},{\"@type\":\"BreadcrumbList\",\"@id\":\"https:\/\/dev.austriandinnershow.at\/fr\/menu-lieu\/#breadcrumb\",\"itemListElement\":[{\"@type\":\"ListItem\",\"position\":1,\"name\":\"Home\",\"item\":\"https:\/\/dev.austriandinnershow.at\/\"},{\"@type\":\"ListItem\",\"position\":2,\"name\":\"Menu &#038; lieu\"}]},{\"@type\":\"WebSite\",\"@id\":\"https:\/\/dev.austriandinnershow.at\/#website\",\"url\":\"https:\/\/dev.austriandinnershow.at\/\",\"name\":\"Austrian Dinner Show\",\"description\":\"Austrian Dinner Show\",\"potentialAction\":[{\"@type\":\"SearchAction\",\"target\":{\"@type\":\"EntryPoint\",\"urlTemplate\":\"https:\/\/dev.austriandinnershow.at\/?s={search_term_string}\"},\"query-input\":{\"@type\":\"PropertyValueSpecification\",\"valueRequired\":true,\"valueName\":\"search_term_string\"}}],\"inLanguage\":\"fr-FR\"}]}<\/script>\n<!-- \/ Yoast SEO plugin. -->","yoast_head_json":{"title":"Menu & lieu - Austrian Dinner Show","robots":{"index":"index","follow":"follow","max-snippet":"max-snippet:-1","max-image-preview":"max-image-preview:large","max-video-preview":"max-video-preview:-1"},"canonical":"https:\/\/dev.austriandinnershow.at\/fr\/menu-lieu\/","og_locale":"fr_FR","og_type":"article","og_title":"Menu & lieu - Austrian Dinner Show","og_url":"https:\/\/dev.austriandinnershow.at\/fr\/menu-lieu\/","og_site_name":"Austrian Dinner Show","article_modified_time":"2025-02-13T12:06:09+00:00","og_image":[{"width":1280,"height":853,"url":"https:\/\/dev.austriandinnershow.at\/wp-content\/uploads\/20181207_SR_2865-1280x853.jpg","type":"image\/jpeg"}],"twitter_card":"summary_large_image","twitter_misc":{"Dur\u00e9e de lecture estim\u00e9e":"2 minutes"},"schema":{"@context":"https:\/\/schema.org","@graph":[{"@type":"WebPage","@id":"https:\/\/dev.austriandinnershow.at\/fr\/menu-lieu\/","url":"https:\/\/dev.austriandinnershow.at\/fr\/menu-lieu\/","name":"Menu & lieu - Austrian Dinner Show","isPartOf":{"@id":"https:\/\/dev.austriandinnershow.at\/#website"},"primaryImageOfPage":{"@id":"https:\/\/dev.austriandinnershow.at\/fr\/menu-lieu\/#primaryimage"},"image":{"@id":"https:\/\/dev.austriandinnershow.at\/fr\/menu-lieu\/#primaryimage"},"thumbnailUrl":"https:\/\/dev.austriandinnershow.at\/wp-content\/uploads\/20181207_SR_2865-600x400.jpg","datePublished":"2016-04-06T09:18:27+00:00","dateModified":"2025-02-13T12:06:09+00:00","breadcrumb":{"@id":"https:\/\/dev.austriandinnershow.at\/fr\/menu-lieu\/#breadcrumb"},"inLanguage":"fr-FR","potentialAction":[{"@type":"ReadAction","target":["https:\/\/dev.austriandinnershow.at\/fr\/menu-lieu\/"]}]},{"@type":"ImageObject","inLanguage":"fr-FR","@id":"https:\/\/dev.austriandinnershow.at\/fr\/menu-lieu\/#primaryimage","url":"https:\/\/dev.austriandinnershow.at\/wp-content\/uploads\/20181207_SR_2865-600x400.jpg","contentUrl":"https:\/\/dev.austriandinnershow.at\/wp-content\/uploads\/20181207_SR_2865-600x400.jpg"},{"@type":"BreadcrumbList","@id":"https:\/\/dev.austriandinnershow.at\/fr\/menu-lieu\/#breadcrumb","itemListElement":[{"@type":"ListItem","position":1,"name":"Home","item":"https:\/\/dev.austriandinnershow.at\/"},{"@type":"ListItem","position":2,"name":"Menu &#038; lieu"}]},{"@type":"WebSite","@id":"https:\/\/dev.austriandinnershow.at\/#website","url":"https:\/\/dev.austriandinnershow.at\/","name":"Austrian Dinner Show","description":"Austrian Dinner Show","potentialAction":[{"@type":"SearchAction","target":{"@type":"EntryPoint","urlTemplate":"https:\/\/dev.austriandinnershow.at\/?s={search_term_string}"},"query-input":{"@type":"PropertyValueSpecification","valueRequired":true,"valueName":"search_term_string"}}],"inLanguage":"fr-FR"}]}},"_links":{"self":[{"href":"https:\/\/dev.austriandinnershow.at\/fr\/wp-json\/wp\/v2\/pages\/225","targetHints":{"allow":["GET"]}}],"collection":[{"href":"https:\/\/dev.austriandinnershow.at\/fr\/wp-json\/wp\/v2\/pages"}],"about":[{"href":"https:\/\/dev.austriandinnershow.at\/fr\/wp-json\/wp\/v2\/types\/page"}],"author":[{"embeddable":true,"href":"https:\/\/dev.austriandinnershow.at\/fr\/wp-json\/wp\/v2\/users\/5"}],"replies":[{"embeddable":true,"href":"https:\/\/dev.austriandinnershow.at\/fr\/wp-json\/wp\/v2\/comments?post=225"}],"version-history":[{"count":10,"href":"https:\/\/dev.austriandinnershow.at\/fr\/wp-json\/wp\/v2\/pages\/225\/revisions"}],"predecessor-version":[{"id":2894,"href":"https:\/\/dev.austriandinnershow.at\/fr\/wp-json\/wp\/v2\/pages\/225\/revisions\/2894"}],"wp:attachment":[{"href":"https:\/\/dev.austriandinnershow.at\/fr\/wp-json\/wp\/v2\/media?parent=225"}],"curies":[{"name":"wp","href":"https:\/\/api.w.org\/{rel}","templated":true}]}}