{"id":235,"date":"2016-04-06T10:34:28","date_gmt":"2016-04-06T09:34:28","guid":{"rendered":"https:\/\/dev.austriandinnershow.at\/fr\/?page_id=235"},"modified":"2022-06-02T14:57:22","modified_gmt":"2022-06-02T12:57:22","slug":"condicions-generales","status":"publish","type":"page","link":"https:\/\/dev.austriandinnershow.at\/fr\/condicions-generales\/","title":{"rendered":"Condicions G\u00e9n\u00e9rales"},"content":{"rendered":"<p><strong>\u00a7 1 G\u00e9n\u00e9ral<\/strong><\/p>\n<p>A travers la pr\u00e9sente r\u00e9s\u00e9rvation se r\u00e9alise un contrat avec la \u00ab Austrian Dinner Show \u00bb aux conditions suivantes, lesquelles seront accept\u00e9s au moment de l\u00b4ordre. Si la personne qui fait la commande exige des conditions diff\u00e9rentes, celles \u2013 ci ne peuvent \u00eatre accept\u00e9s qu\u00b4\u00e0 travers un accord \u00e9crit. Un retrait du contrat n\u00b4est pas possible.<\/p>\n<p><strong>\u00a7 2 Offre \/ Contrat<\/strong><\/p>\n<p>Les prix indiqu\u00e9s sur notre page internet peuvent subir des changements.Nous nous r\u00e9servons le droit d\u00b4eventuelles modifications des donn\u00e9es. Votre r\u00e9s\u00e9rvation sera r\u00e9alis\u00e9e dans le moment m\u00eame de son entr\u00e9e dans notre courier \u00e9l\u00e9ctronique. L\u00b4acceptation de votre ordre et du contrat se r\u00e9alise avec l\u00b4envoi de notre e-mail de r\u00e9ponse. L\u00b4organisation \u00ab\u00a0Dinner &amp; Show\u00a0\u00bb se r\u00e9serve le droit explicite du changement de l\u00b4offre sans annoncement.<\/p>\n<p><strong>\u00a7 3 Prix<\/strong><\/p>\n<p>Nos pris incluent tous les imp\u00f4ts r\u00e8glementaires. Les frais d\u00b4envoi ne sont pas inclus.<\/p>\n<p><strong>\u00a7 4 R\u00e9s\u00e9rvation des billets \/ Retraits<\/strong><\/p>\n<p>La r\u00e9s\u00e9rvation des billets peut \u00eatre effectu\u00e9e par Internet, courier \u00e9l\u00e9ctronique o\u00f9 fax. La confirmation de votre r\u00e9s\u00e9rvation sera valable apr\u00e8s paiement de la somme totale des billets.Les billets peuvent \u00eatre retir\u00e9s \u00e0 la caisse de l&rsquo; \u00bbAustrian Dinner Show\u00a0\u00bb avec cette confirmation de r\u00e9s\u00e9rvation. Cette confirmation doit \u00eatre subitement controll\u00e9e. Toute irr\u00e9gularit\u00e9 \u00e9ventuelle par rapport \u00e0 la demande d\u00b4ordre doit \u00eatre imm\u00e9diatement signal\u00e9e par \u00e9crit, \u00e0 travers fax o\u00f9 courier \u00e9l\u00e9ctronique. Apr\u00e8s la date de repr\u00e9sentation aucune plainte ne sera effective. Des billets d\u00e9j\u00e0 r\u00e9s\u00e9rv\u00e9s peuvent \u00eatre annul\u00e9s jusqu\u00b4\u00e0 une semaine avant la date de repr\u00e9sentation avec 50% de frais d\u00b4annulation. Dans le cas d\u00b4annulation apr\u00e8s la date \u00e9tablie ci-dessus la p\u00e9nalit\u00e9 sera de 100%<br \/>\nDes billets envoy\u00e9s par voie postale ne peuvent en aucun cas \u00eatre rembours\u00e9. Nous nous r\u00e9servons le droit \u00e0 d\u00b4eventuels changements au niveau des acteurs o\u00f9 du programme, de m\u00eame que la variation de dates, ceci ne repr\u00e9sente en aucun cas une raison de remboursement. En cas d\u00b4annulation d\u00b4une date de repr\u00e9sentation, l\u00b4organisation du \u00ab\u00a0Dinner &amp; Show\u00a0\u00bb se r\u00e9serve le droit d\u00b4offrir une date alternative qui sera dans les quattre jours suivants le show originairement r\u00e9s\u00e9rv\u00e9.<\/p>\n<p><strong>\u00a7 5 Envoi<\/strong><\/p>\n<p>L`envoi et la distribution de billets d\u00b4entr\u00e9e ne sera effectu\u00e9 qu\u00b4apr\u00e8s paiement total et sur risque et demande de l\u00b4acheteur. L\u00b4engagement \u00e0 l\u00b4envoi de la part de l\u00b4organisation \u00ab\u00a0Dinner &amp; Show\u00a0\u00bb contenu dans ce contrat est accompli avec la remise des billets au service postal (ou \u00e0 un autre service de distribution priv\u00e9) avec envoi ordinaire o\u00f9 recommand\u00e9. (Tout risque reste en charge du client) Nous ne sommes en aucun cas responsables en cas de perte ou de retard de part de la voie postale.<\/p>\n<p><strong>\u00a7 6 Paiement<\/strong><\/p>\n<p>Si le paiement \u00e0 lieu \u00e0 travers carte de cr\u00e9dit nous n\u00b4accepterons que celles cit\u00e9es dans le formulaire de r\u00e9s\u00e9rvation. Un formulaire de r\u00e9s\u00e9rvation correctement compl\u00e9t\u00e9, avec d\u00e9claration du num\u00e9ro de la carte de cr\u00e9dit et date d\u00b4expiration, envoy\u00e9 par fax ou courier \u00e9l\u00e9ctronique \u00e0 l\u00b4organisation du \u00ab\u00a0Dinner &amp; Show\u00a0\u00bb est valable et autorise L\u00b4\u00a0\u00bbAustrian Dinner Show\u00a0\u00ab\u00a0 de pr\u00e9lever le montant entier sans signature originale. Si le paiement aura lieu \u00e0 travers un virement (sans frais pour le destinataire) celui-ci sera valable apr\u00e8s son enregistrement sur le compte bancaire de la \u00ab\u00a0Austrian Dinner Show\u00a0\u00bb.<\/p>\n<p id=\"tw-target-text\" class=\"tw-data-text tw-text-large tw-ta\" dir=\"ltr\" data-placeholder=\"\u00dcbersetzung\"><span class=\"Y2IQFc\" lang=\"fr\"><strong>\u00a7 7. Annulation de l&rsquo;\u00e9v\u00e9nement, modifications, remboursements<\/strong> <\/span><\/p>\n<p class=\"tw-data-text tw-text-large tw-ta\" dir=\"ltr\" data-placeholder=\"\u00dcbersetzung\"><span class=\"Y2IQFc\" lang=\"fr\">Si un \u00e9v\u00e9nement est annul\u00e9, les billets r\u00e9serv\u00e9s directement aupr\u00e8s de Dinner &amp; Show VeranstaltungsGmbH peuvent \u00eatre r\u00e9serv\u00e9s jusqu&rsquo;\u00e0 deux mois apr\u00e8s la date pr\u00e9vue de l&rsquo;\u00e9v\u00e9nement apr\u00e8s enregistrement \u00e9crit (lettre ou e-mail) indiquant le nom et le num\u00e9ro de compte, l&rsquo;institut bancaire et le code bancaire (ou SWIFT &amp; IBAN) \u00eatre enregistr\u00e9 pour le transfert de retour. Les billets obtenus aupr\u00e8s de tiers (agences de billets, points de vente en ligne, etc.) doivent \u00eatre enregistr\u00e9s via le point de vente respectif. Dans ce cas, nous nous ferons un plaisir de vous envoyer une confirmation de l&rsquo;annulation. Dans les deux cas, il y a aussi la possibilit\u00e9 d&rsquo;une nouvelle r\u00e9servation gratuite \u00e0 une autre date. Nous nous r\u00e9servons le droit d&rsquo;apporter des modifications mineures ou objectivement justifi\u00e9es \u00e0 la distribution ou au programme. En cas d&rsquo;annulation, de report, de changement de programme ou de distribution, aucune d\u00e9pense (par exemple, voyage, h\u00f4tel, frais de r\u00e9servation \u00e0 l&rsquo;avance ou frais d&rsquo;exp\u00e9dition) ne sera rembours\u00e9e.<\/span><\/p>\n<p><strong>\u00a7 8\u00a0 Protection \/ Transmission des donn\u00e9es<\/strong><\/p>\n<p>Les donn\u00e9es r\u00e9alis\u00e9es dans le cadre du processus d\u00b4achat seront sauvegard\u00e9s en fonction de comptabilit\u00e9 et \u00e9vidence du client. Ceux-ci sont en d\u00e9tail\u00a0: adresse de la facturation, adresse de la livraison, billets r\u00e9s\u00e9rv\u00e9s. Les donn\u00e9es seront trait\u00e9s en conformit\u00e9 avec les dispositions l\u00e9gales en vigueur et ne seront pas communiqu\u00e9s \u00e0 tiers. La \u00ab\u00a0Austrian Dinner Show\u00a0\u00bb s\u00e9curise les paiements en ligne par carte de cr\u00e9dit gr\u00e2ce au protocole SSL (Secure Socket Layer). Ce protocole crypte les donn\u00e9es lors de leur transmission entre le client et le serveur, rendant ainsi impossible leur lecture par des tiers.<\/p>\n<p><strong>\u00a7 9\u00a0 Lieu d\u00b4execution \/ Lieu judiciaire<\/strong><\/p>\n<p>On applique la loi autrichienne. Lieu d\u00b4\u00e9x\u00e9cution est Vienne. Le tribunal comp\u00e9tent et responsable est celui de Vienne.<\/p>\n","protected":false},"excerpt":{"rendered":"<p>\u00a7 1 G\u00e9n\u00e9ral A travers la pr\u00e9sente r\u00e9s\u00e9rvation se r\u00e9alise un contrat avec la \u00ab Austrian Dinner Show \u00bb aux conditions suivantes, lesquelles seront accept\u00e9s au moment de l\u00b4ordre. Si la personne qui fait la commande exige des conditions diff\u00e9rentes, celles \u2013 ci ne peuvent \u00eatre accept\u00e9s qu\u00b4\u00e0 travers un accord \u00e9crit. Un retrait du [&hellip;]<\/p>\n","protected":false},"author":5,"featured_media":0,"parent":0,"menu_order":40,"comment_status":"closed","ping_status":"closed","template":"g1_template_page_full.php","meta":{"_acf_changed":false,"footnotes":""},"class_list":["post-235","page","type-page","status-publish","hentry"],"acf":[],"yoast_head":"<!-- This site is optimized with the Yoast SEO plugin v26.6 - https:\/\/yoast.com\/wordpress\/plugins\/seo\/ -->\n<title>Condicions G\u00e9n\u00e9rales - Austrian Dinner Show<\/title>\n<meta name=\"robots\" content=\"index, follow, max-snippet:-1, max-image-preview:large, max-video-preview:-1\" \/>\n<link rel=\"canonical\" href=\"https:\/\/dev.austriandinnershow.at\/fr\/condicions-generales\/\" \/>\n<meta property=\"og:locale\" content=\"fr_FR\" \/>\n<meta property=\"og:type\" content=\"article\" \/>\n<meta property=\"og:title\" content=\"Condicions G\u00e9n\u00e9rales - Austrian Dinner Show\" \/>\n<meta property=\"og:description\" content=\"\u00a7 1 G\u00e9n\u00e9ral A travers la pr\u00e9sente r\u00e9s\u00e9rvation se r\u00e9alise un contrat avec la \u00ab Austrian Dinner Show \u00bb aux conditions suivantes, lesquelles seront accept\u00e9s au moment de l\u00b4ordre. Si la personne qui fait la commande exige des conditions diff\u00e9rentes, celles \u2013 ci ne peuvent \u00eatre accept\u00e9s qu\u00b4\u00e0 travers un accord \u00e9crit. Un retrait du [&hellip;]\" \/>\n<meta property=\"og:url\" content=\"https:\/\/dev.austriandinnershow.at\/fr\/condicions-generales\/\" \/>\n<meta property=\"og:site_name\" content=\"Austrian Dinner Show\" \/>\n<meta property=\"article:modified_time\" content=\"2022-06-02T12:57:22+00:00\" \/>\n<meta property=\"og:image\" content=\"https:\/\/dev.austriandinnershow.at\/wp-content\/uploads\/austriandinnershow097.jpg\" \/>\n\t<meta property=\"og:image:width\" content=\"530\" \/>\n\t<meta property=\"og:image:height\" content=\"355\" \/>\n\t<meta property=\"og:image:type\" content=\"image\/jpeg\" \/>\n<meta name=\"twitter:card\" content=\"summary_large_image\" \/>\n<meta name=\"twitter:label1\" content=\"Dur\u00e9e de lecture estim\u00e9e\" \/>\n\t<meta name=\"twitter:data1\" content=\"5 minutes\" \/>\n<script type=\"application\/ld+json\" class=\"yoast-schema-graph\">{\"@context\":\"https:\/\/schema.org\",\"@graph\":[{\"@type\":\"WebPage\",\"@id\":\"https:\/\/dev.austriandinnershow.at\/fr\/condicions-generales\/\",\"url\":\"https:\/\/dev.austriandinnershow.at\/fr\/condicions-generales\/\",\"name\":\"Condicions G\u00e9n\u00e9rales - Austrian Dinner Show\",\"isPartOf\":{\"@id\":\"https:\/\/dev.austriandinnershow.at\/#website\"},\"datePublished\":\"2016-04-06T09:34:28+00:00\",\"dateModified\":\"2022-06-02T12:57:22+00:00\",\"breadcrumb\":{\"@id\":\"https:\/\/dev.austriandinnershow.at\/fr\/condicions-generales\/#breadcrumb\"},\"inLanguage\":\"fr-FR\",\"potentialAction\":[{\"@type\":\"ReadAction\",\"target\":[\"https:\/\/dev.austriandinnershow.at\/fr\/condicions-generales\/\"]}]},{\"@type\":\"BreadcrumbList\",\"@id\":\"https:\/\/dev.austriandinnershow.at\/fr\/condicions-generales\/#breadcrumb\",\"itemListElement\":[{\"@type\":\"ListItem\",\"position\":1,\"name\":\"Home\",\"item\":\"https:\/\/dev.austriandinnershow.at\/\"},{\"@type\":\"ListItem\",\"position\":2,\"name\":\"Condicions G\u00e9n\u00e9rales\"}]},{\"@type\":\"WebSite\",\"@id\":\"https:\/\/dev.austriandinnershow.at\/#website\",\"url\":\"https:\/\/dev.austriandinnershow.at\/\",\"name\":\"Austrian Dinner Show\",\"description\":\"Austrian Dinner Show\",\"potentialAction\":[{\"@type\":\"SearchAction\",\"target\":{\"@type\":\"EntryPoint\",\"urlTemplate\":\"https:\/\/dev.austriandinnershow.at\/?s={search_term_string}\"},\"query-input\":{\"@type\":\"PropertyValueSpecification\",\"valueRequired\":true,\"valueName\":\"search_term_string\"}}],\"inLanguage\":\"fr-FR\"}]}<\/script>\n<!-- \/ Yoast SEO plugin. -->","yoast_head_json":{"title":"Condicions G\u00e9n\u00e9rales - Austrian Dinner Show","robots":{"index":"index","follow":"follow","max-snippet":"max-snippet:-1","max-image-preview":"max-image-preview:large","max-video-preview":"max-video-preview:-1"},"canonical":"https:\/\/dev.austriandinnershow.at\/fr\/condicions-generales\/","og_locale":"fr_FR","og_type":"article","og_title":"Condicions G\u00e9n\u00e9rales - Austrian Dinner Show","og_description":"\u00a7 1 G\u00e9n\u00e9ral A travers la pr\u00e9sente r\u00e9s\u00e9rvation se r\u00e9alise un contrat avec la \u00ab Austrian Dinner Show \u00bb aux conditions suivantes, lesquelles seront accept\u00e9s au moment de l\u00b4ordre. Si la personne qui fait la commande exige des conditions diff\u00e9rentes, celles \u2013 ci ne peuvent \u00eatre accept\u00e9s qu\u00b4\u00e0 travers un accord \u00e9crit. Un retrait du [&hellip;]","og_url":"https:\/\/dev.austriandinnershow.at\/fr\/condicions-generales\/","og_site_name":"Austrian Dinner Show","article_modified_time":"2022-06-02T12:57:22+00:00","og_image":[{"width":530,"height":355,"url":"https:\/\/dev.austriandinnershow.at\/wp-content\/uploads\/austriandinnershow097.jpg","type":"image\/jpeg"}],"twitter_card":"summary_large_image","twitter_misc":{"Dur\u00e9e de lecture estim\u00e9e":"5 minutes"},"schema":{"@context":"https:\/\/schema.org","@graph":[{"@type":"WebPage","@id":"https:\/\/dev.austriandinnershow.at\/fr\/condicions-generales\/","url":"https:\/\/dev.austriandinnershow.at\/fr\/condicions-generales\/","name":"Condicions G\u00e9n\u00e9rales - Austrian Dinner Show","isPartOf":{"@id":"https:\/\/dev.austriandinnershow.at\/#website"},"datePublished":"2016-04-06T09:34:28+00:00","dateModified":"2022-06-02T12:57:22+00:00","breadcrumb":{"@id":"https:\/\/dev.austriandinnershow.at\/fr\/condicions-generales\/#breadcrumb"},"inLanguage":"fr-FR","potentialAction":[{"@type":"ReadAction","target":["https:\/\/dev.austriandinnershow.at\/fr\/condicions-generales\/"]}]},{"@type":"BreadcrumbList","@id":"https:\/\/dev.austriandinnershow.at\/fr\/condicions-generales\/#breadcrumb","itemListElement":[{"@type":"ListItem","position":1,"name":"Home","item":"https:\/\/dev.austriandinnershow.at\/"},{"@type":"ListItem","position":2,"name":"Condicions G\u00e9n\u00e9rales"}]},{"@type":"WebSite","@id":"https:\/\/dev.austriandinnershow.at\/#website","url":"https:\/\/dev.austriandinnershow.at\/","name":"Austrian Dinner Show","description":"Austrian Dinner Show","potentialAction":[{"@type":"SearchAction","target":{"@type":"EntryPoint","urlTemplate":"https:\/\/dev.austriandinnershow.at\/?s={search_term_string}"},"query-input":{"@type":"PropertyValueSpecification","valueRequired":true,"valueName":"search_term_string"}}],"inLanguage":"fr-FR"}]}},"_links":{"self":[{"href":"https:\/\/dev.austriandinnershow.at\/fr\/wp-json\/wp\/v2\/pages\/235","targetHints":{"allow":["GET"]}}],"collection":[{"href":"https:\/\/dev.austriandinnershow.at\/fr\/wp-json\/wp\/v2\/pages"}],"about":[{"href":"https:\/\/dev.austriandinnershow.at\/fr\/wp-json\/wp\/v2\/types\/page"}],"author":[{"embeddable":true,"href":"https:\/\/dev.austriandinnershow.at\/fr\/wp-json\/wp\/v2\/users\/5"}],"replies":[{"embeddable":true,"href":"https:\/\/dev.austriandinnershow.at\/fr\/wp-json\/wp\/v2\/comments?post=235"}],"version-history":[{"count":3,"href":"https:\/\/dev.austriandinnershow.at\/fr\/wp-json\/wp\/v2\/pages\/235\/revisions"}],"predecessor-version":[{"id":1950,"href":"https:\/\/dev.austriandinnershow.at\/fr\/wp-json\/wp\/v2\/pages\/235\/revisions\/1950"}],"wp:attachment":[{"href":"https:\/\/dev.austriandinnershow.at\/fr\/wp-json\/wp\/v2\/media?parent=235"}],"curies":[{"name":"wp","href":"https:\/\/api.w.org\/{rel}","templated":true}]}}