{"id":242,"date":"2016-04-06T10:47:19","date_gmt":"2016-04-06T09:47:19","guid":{"rendered":"https:\/\/dev.austriandinnershow.at\/it\/?page_id=242"},"modified":"2025-03-18T19:47:38","modified_gmt":"2025-03-18T17:47:38","slug":"programma","status":"publish","type":"page","link":"https:\/\/dev.austriandinnershow.at\/it\/programma\/","title":{"rendered":"Programma"},"content":{"rendered":"<ul class=\"g1-grid\"><li class=\"g1-column g1-one-half g1-valign-top\" id=\"g1-grid-counter-0\" >\n<h2>Il nostro viaggio musicale attraverso l\u00b4Austria<\/h2>\n<div class=\"sp-dsgvo sp-dsgvo-embedding-container sp-dsgvo-embedding-vimeo \">\n<div class=\"sp-dsgvo-blocked-embedding-placeholder sp-dsgvo-blocked-embedding-placeholder-vimeo\">\n<div class=\"sp-dsgvo-blocked-embedding-placeholder-header\"><img decoding=\"async\" class=\"sp-dsgvo-blocked-embedding-placeholder-header-icon\" src=\"https:\/\/dev.austriandinnershow.at\/wp-content\/plugins\/shapepress-dsgvo\/public\/images\/embeddings\/icon-vimeo.svg\"\/>We need your consent to load the content of Vimeo.<\/div>\n<div class=\"sp-dsgvo-blocked-embedding-placeholder-body\">\n<p>Mit dem Klick auf das Video werden durch den mit uns gemeinsam Verantwortlichen Vimeo [Vimeo Inc., USA] das Video abgespielt, auf Ihrem Endger\u00e4t Skripte geladen, Cookies gespeichert und personenbezogene Daten erfasst. Damit kann Vimeo Aktivit\u00e4ten im Internet verfolgen und Werbung zielgruppengerecht ausspielen. Es erfolgt eine Daten\u00fcbermittlung in die USA, diese verf\u00fcgt \u00fcber keinen EU-konformen Datenschutz. Weitere Informationen finden Sie <a target=\"_blank\" href=\"#\" class=\"sp-dsgvo-navigate-privacy-policy\">hier<\/a>.<\/p>\n<div class=\"sp-dsgvo-blocked-embedding-button-container\"> <a href=\"#\" class=\"sp-dsgvo-direct-enable-popup sp-dsgvo-blocked-embedding-button-enable\" data-slug=\"vimeo\">Click here to enable this content.<\/a><\/div>\n<\/p><\/div>\n<\/div>\n<div class=\"sp-dsgvo-hidden-embedding-content sp-dsgvo-hidden-embedding-content-vimeo\" data-sp-dsgvo-embedding-slug=\"vimeo\">W2ZsdWlkX3dyYXBwZXJdJmx0O2lmcmFtZSBzcmM9JnF1b3Q7aHR0cHM6Ly9wbGF5ZXIudmltZW8uY29tL3ZpZGVvLzY5Nzc2MTE2OD9oPTE3MjcyM2FjNTUmYW1wO2FtcDtkbnQ9MSZhbXA7YW1wO2FwcF9pZD0xMjI5NjMmcXVvdDsgd2lkdGg9JnF1b3Q7Njg2JnF1b3Q7IGhlaWdodD0mcXVvdDszODYmcXVvdDsgZnJhbWVib3JkZXI9JnF1b3Q7MCZxdW90OyBhbGxvdz0mcXVvdDthdXRvcGxheTsgZnVsbHNjcmVlbjsgcGljdHVyZS1pbi1waWN0dXJlJnF1b3Q7IGFsbG93ZnVsbHNjcmVlbiZndDsmbHQ7L2lmcmFtZSZndDtbL2ZsdWlkX3dyYXBwZXJd<\/div>\n<\/div>\n<\/li><!-- --><li class=\"g1-column g1-one-half g1-valign-top\" id=\"g1-grid-counter-1\" >\n<p>Ci porta dalle montagne tirolesi a Salisburgo, passando per il Salzkammergut e la valle del Danubio, giungendo a Vienna per il gran finale. Le irrestistibili note delle regioni alpine, le pi\u00f9 belle operette della zona di Salisburgo, i ritmi vertiginosi della polka e come non menzionare il famosissimo valzer viennese. Nel 2025, tutta Vienna celebra il suo re del valzer \u2013 Johann Strauss e il 200\u00b0 anniversario della sua nascita. In questa occasione, nel nostro terzo blocco dello spettacolo presentiamo le pi\u00f9 belle melodie di valzer e operette di uno dei compositori pi\u00f9 rinomati al mondo, originario della nostra citt\u00e0. Lasciatevi incantare dalla rappresentazione dei musicisti dell`orchestra <span class=\"hervorheber\">\u201cAustrian Dinner Show Ensemble\u201d<\/span> e dai suoi eccellenti cantanti e ballerini, che vi proporranno una vasta gamma dei tesori austriaci in uno spettacolo senza uguali<\/p>\n<\/li><!-- --><\/ul>\n<hr \/>\n<ul class=\"g1-grid\"><li class=\"g1-column g1-one-half g1-valign-top\" id=\"g1-grid-counter-0\" >\n<h3>Programma:<\/h3>\n<p>Tra una portata e l\u00b4altra i nostri ospiti avranno la possibilit\u00e0 di assistere ad un programma vivace e colorato, lo spettacolo sar\u00e0 suddiviso in tre parti. La cena verr\u00e0 accompagnata dalle inconfondibili note musicali viennesi esibite dalla nostra orchestra. Anche in questo caso, la maggior parte delle opere proviene dalla penna del maestro compositore Johann Strauss figlio.<\/p>\n<h3>Complesso:<\/h3>\n<p>Il <span class=\"hervorheber\">\u201cAustrian Dinner Show Ensemble\u201d<\/span> \u00e8 composto da eccellenti musicisti, cantanti solisti di prim\u00b4ordine e da ballerini pieni di brio che si esibiranno in costumi regionali conformi ai diversi temi musicali presentati durante la serata. I nostri artisti sapranno entusiasmarvi ed affascinarvi con i tesori musicali austriaci.<\/p>\n<\/li><!-- --><li class=\"g1-column g1-one-half g1-valign-top\" id=\"g1-grid-counter-1\" >\n<h3><span data-sheets-value=\"{&quot;1&quot;:2,&quot;2&quot;:&quot;localit\\u00e0&quot;}\" data-sheets-userformat=\"{&quot;2&quot;:513,&quot;3&quot;:[null,0],&quot;12&quot;:0}\">Localit\u00e0<\/span><\/h3>\n<p><strong>1. scena: &#8220;Schenkt man sich Rosen in Tirol . . .&#8221;<\/strong><br \/>\nBenvenuto musicale da parte dell\u00b4intero complesso musicale al quale seguirano alcuni brani della famosa operetta \u201cDer Vogelh\u00e4ndler\u201d come anche alcuni pezzi strumentali e balli tipici come per esempio il \u201cZillertaler Hochzeitsmarsch\u201d e tante altre melodie tirolesi molto conosciute.<\/p>\n<p><strong>2. scena: &#8220;Im Salzkammergut, da kann man gut . . .&#8221;<\/strong><br \/>\nestratti musicali dall\u00b4operetta \u201cIm Weissen R\u00f6ssl am Wofgangsee\u201c melodie dal film \u201cThe Sound of Music\u201c &#8211; come ad esempio \u201cEdelweiss\u201c e alcuni balli tipici regionali che vi trasmetteranno il vero spirito austriaco.<\/p>\n<p><strong>3. Szene: &#8220;An der sch\u00f6nen blauen Donau . . .&#8221;<\/strong><br \/>\nUn fuoco d\u00b4artificio composto dalla magia delle diverse operette viennesi, le opere pi\u00f9 famose di compositori come Johann Strauss, Robert Stolz e Franz Lehar \u2013 come ad esempio estratti dal \u201cDer Zigeunerbaron\u201d (il barone gitano), \u201cWiener Blut\u201d (sangue viennese) ecc..<br \/>\nIl punto culminante e finale sar\u00e0 costituito dal nostro balletto che si esibir\u00e0 naturalmente anche sulle note del famoso valzer viennese come per esempio \u201cAn der sch\u00f6nen blauen Donau\u201d (sul bel Danubio blu)<\/p>\n<\/li><!-- --><\/ul>\n<hr \/>\n<ul class=\"g1-grid\"><li class=\"g1-column g1-one-half g1-valign-top\" id=\"g1-grid-counter-0\" >\n<a id=\"g1-button-counter-1\" class=\"g1-button g1-medium g1-wide alignleft\" href=\"https:\/\/dev.austriandinnershow.at\/it\/menu-luogo\/\" title=\"Menu &amp; Luogo\" ><span><span>Menu &amp; Luogo<\/span><\/span><\/a>\n<\/li><!-- --><li class=\"g1-column g1-one-half g1-valign-top\" id=\"g1-grid-counter-1\" >\n<a id=\"g1-button-counter-2\" class=\"g1-button g1-medium g1-wide alignright\" href=\"https:\/\/dev.austriandinnershow.at\/it\/date-2025\/\" title=\"Date\" ><span><span>Date<\/span><\/span><\/a>\n<\/li><!-- --><\/ul>\n","protected":false},"excerpt":{"rendered":"","protected":false},"author":5,"featured_media":0,"parent":0,"menu_order":5,"comment_status":"closed","ping_status":"closed","template":"","meta":{"_acf_changed":false,"footnotes":""},"class_list":["post-242","page","type-page","status-publish","hentry"],"acf":[],"yoast_head":"<!-- This site is optimized with the Yoast SEO plugin v26.6 - https:\/\/yoast.com\/wordpress\/plugins\/seo\/ -->\n<title>Programma - Austrian Dinner Show<\/title>\n<meta name=\"robots\" content=\"index, follow, max-snippet:-1, max-image-preview:large, max-video-preview:-1\" \/>\n<link rel=\"canonical\" href=\"https:\/\/dev.austriandinnershow.at\/it\/programma\/\" \/>\n<meta property=\"og:locale\" content=\"it_IT\" \/>\n<meta property=\"og:type\" content=\"article\" \/>\n<meta property=\"og:title\" content=\"Programma - Austrian Dinner Show\" \/>\n<meta property=\"og:url\" content=\"https:\/\/dev.austriandinnershow.at\/it\/programma\/\" \/>\n<meta property=\"og:site_name\" content=\"Austrian Dinner Show\" \/>\n<meta property=\"article:modified_time\" content=\"2025-03-18T17:47:38+00:00\" \/>\n<meta property=\"og:image\" content=\"https:\/\/dev.austriandinnershow.at\/wp-content\/uploads\/austriandinnershow097.jpg\" \/>\n\t<meta property=\"og:image:width\" content=\"530\" \/>\n\t<meta property=\"og:image:height\" content=\"355\" \/>\n\t<meta property=\"og:image:type\" content=\"image\/jpeg\" \/>\n<meta name=\"twitter:card\" content=\"summary_large_image\" \/>\n<meta name=\"twitter:label1\" content=\"Tempo di lettura stimato\" \/>\n\t<meta name=\"twitter:data1\" content=\"3 minuti\" \/>\n<script type=\"application\/ld+json\" class=\"yoast-schema-graph\">{\"@context\":\"https:\/\/schema.org\",\"@graph\":[{\"@type\":\"WebPage\",\"@id\":\"https:\/\/dev.austriandinnershow.at\/it\/programma\/\",\"url\":\"https:\/\/dev.austriandinnershow.at\/it\/programma\/\",\"name\":\"Programma - Austrian Dinner Show\",\"isPartOf\":{\"@id\":\"https:\/\/dev.austriandinnershow.at\/#website\"},\"datePublished\":\"2016-04-06T09:47:19+00:00\",\"dateModified\":\"2025-03-18T17:47:38+00:00\",\"breadcrumb\":{\"@id\":\"https:\/\/dev.austriandinnershow.at\/it\/programma\/#breadcrumb\"},\"inLanguage\":\"it-IT\",\"potentialAction\":[{\"@type\":\"ReadAction\",\"target\":[\"https:\/\/dev.austriandinnershow.at\/it\/programma\/\"]}]},{\"@type\":\"BreadcrumbList\",\"@id\":\"https:\/\/dev.austriandinnershow.at\/it\/programma\/#breadcrumb\",\"itemListElement\":[{\"@type\":\"ListItem\",\"position\":1,\"name\":\"Home\",\"item\":\"https:\/\/dev.austriandinnershow.at\/\"},{\"@type\":\"ListItem\",\"position\":2,\"name\":\"Programma\"}]},{\"@type\":\"WebSite\",\"@id\":\"https:\/\/dev.austriandinnershow.at\/#website\",\"url\":\"https:\/\/dev.austriandinnershow.at\/\",\"name\":\"Austrian Dinner Show\",\"description\":\"Austrian Dinner Show\",\"potentialAction\":[{\"@type\":\"SearchAction\",\"target\":{\"@type\":\"EntryPoint\",\"urlTemplate\":\"https:\/\/dev.austriandinnershow.at\/?s={search_term_string}\"},\"query-input\":{\"@type\":\"PropertyValueSpecification\",\"valueRequired\":true,\"valueName\":\"search_term_string\"}}],\"inLanguage\":\"it-IT\"}]}<\/script>\n<!-- \/ Yoast SEO plugin. -->","yoast_head_json":{"title":"Programma - Austrian Dinner Show","robots":{"index":"index","follow":"follow","max-snippet":"max-snippet:-1","max-image-preview":"max-image-preview:large","max-video-preview":"max-video-preview:-1"},"canonical":"https:\/\/dev.austriandinnershow.at\/it\/programma\/","og_locale":"it_IT","og_type":"article","og_title":"Programma - Austrian Dinner Show","og_url":"https:\/\/dev.austriandinnershow.at\/it\/programma\/","og_site_name":"Austrian Dinner Show","article_modified_time":"2025-03-18T17:47:38+00:00","og_image":[{"width":530,"height":355,"url":"https:\/\/dev.austriandinnershow.at\/wp-content\/uploads\/austriandinnershow097.jpg","type":"image\/jpeg"}],"twitter_card":"summary_large_image","twitter_misc":{"Tempo di lettura stimato":"3 minuti"},"schema":{"@context":"https:\/\/schema.org","@graph":[{"@type":"WebPage","@id":"https:\/\/dev.austriandinnershow.at\/it\/programma\/","url":"https:\/\/dev.austriandinnershow.at\/it\/programma\/","name":"Programma - Austrian Dinner Show","isPartOf":{"@id":"https:\/\/dev.austriandinnershow.at\/#website"},"datePublished":"2016-04-06T09:47:19+00:00","dateModified":"2025-03-18T17:47:38+00:00","breadcrumb":{"@id":"https:\/\/dev.austriandinnershow.at\/it\/programma\/#breadcrumb"},"inLanguage":"it-IT","potentialAction":[{"@type":"ReadAction","target":["https:\/\/dev.austriandinnershow.at\/it\/programma\/"]}]},{"@type":"BreadcrumbList","@id":"https:\/\/dev.austriandinnershow.at\/it\/programma\/#breadcrumb","itemListElement":[{"@type":"ListItem","position":1,"name":"Home","item":"https:\/\/dev.austriandinnershow.at\/"},{"@type":"ListItem","position":2,"name":"Programma"}]},{"@type":"WebSite","@id":"https:\/\/dev.austriandinnershow.at\/#website","url":"https:\/\/dev.austriandinnershow.at\/","name":"Austrian Dinner Show","description":"Austrian Dinner Show","potentialAction":[{"@type":"SearchAction","target":{"@type":"EntryPoint","urlTemplate":"https:\/\/dev.austriandinnershow.at\/?s={search_term_string}"},"query-input":{"@type":"PropertyValueSpecification","valueRequired":true,"valueName":"search_term_string"}}],"inLanguage":"it-IT"}]}},"_links":{"self":[{"href":"https:\/\/dev.austriandinnershow.at\/it\/wp-json\/wp\/v2\/pages\/242","targetHints":{"allow":["GET"]}}],"collection":[{"href":"https:\/\/dev.austriandinnershow.at\/it\/wp-json\/wp\/v2\/pages"}],"about":[{"href":"https:\/\/dev.austriandinnershow.at\/it\/wp-json\/wp\/v2\/types\/page"}],"author":[{"embeddable":true,"href":"https:\/\/dev.austriandinnershow.at\/it\/wp-json\/wp\/v2\/users\/5"}],"replies":[{"embeddable":true,"href":"https:\/\/dev.austriandinnershow.at\/it\/wp-json\/wp\/v2\/comments?post=242"}],"version-history":[{"count":11,"href":"https:\/\/dev.austriandinnershow.at\/it\/wp-json\/wp\/v2\/pages\/242\/revisions"}],"predecessor-version":[{"id":2939,"href":"https:\/\/dev.austriandinnershow.at\/it\/wp-json\/wp\/v2\/pages\/242\/revisions\/2939"}],"wp:attachment":[{"href":"https:\/\/dev.austriandinnershow.at\/it\/wp-json\/wp\/v2\/media?parent=242"}],"curies":[{"name":"wp","href":"https:\/\/api.w.org\/{rel}","templated":true}]}}