{"id":246,"date":"2016-04-06T10:53:05","date_gmt":"2016-04-06T09:53:05","guid":{"rendered":"https:\/\/dev.austriandinnershow.at\/it\/?page_id=246"},"modified":"2022-10-10T17:06:36","modified_gmt":"2022-10-10T15:06:36","slug":"date","status":"publish","type":"page","link":"https:\/\/dev.austriandinnershow.at\/it\/date\/","title":{"rendered":"Date"},"content":{"rendered":"<ul class=\"g1-grid\"><li class=\"g1-column g1-one-half g1-valign-top\" id=\"g1-grid-counter-0\" >\n<h2>L&#8217;esperienza Austrian Dinner Show da Aprile a dicembre<\/h2>\n<p><strong>We are looking forward to welcome you again at one of our shows starting at April 2022.<\/strong><\/p>\n<p><strong>Your team of the Austrian Dinner Show<\/strong><\/p>\n<\/li><!-- --><li class=\"g1-column g1-one-half g1-valign-top\" id=\"g1-grid-counter-1\" >\n<h3>Giorni di rappresentazione<\/h3>\n<p>da 02. Aprile ad 17. Dicembre 2022:<br \/>\nluned\u00ed, mercoled\u00ed, venerd\u00ed e sabato<\/p>\n<table class=\"preistable\">\n<tbody>\n<tr>\n<td>Prezzo per pers.:<\/td>\n<td>68,00 \u20ac<\/td>\n<\/tr>\n<tr>\n<td>Biglietto bambini:<\/td>\n<td>45,00 \u20ac<\/td>\n<\/tr>\n<\/tbody>\n<\/table>\n<p>Inizio: ore 20:00h, durata ca. 2,5 ore<\/p>\n<p>\u201cDate extra\u201d per gruppi speciali o incentives sono possibili <a href=\"mailto:office@dev.austriandinnershow.at\">su richiesta<\/a>!<\/p>\n<\/li><!-- --><\/ul>\n<hr \/>\n<h3>2022<\/h3>\n<table class= \"termintable\">\n\t  <tr>\n\t\t<th>&nbsp;<\/th>\n\t\t<th><div class=\"show_desktop\">luned\u00ec<\/div><div class=\"show_mobile\">lun.<\/div><\/th>\n\t\t<th><div class=\"show_desktop\">mercoled\u00ec<\/div><div class=\"show_mobile\">mer.<\/div><\/th>\n\t\t<th><div class=\"show_desktop\">venerd\u00ec<\/div><div class=\"show_mobile\">ven.<\/div><\/th>\n\t\t<th><div class=\"show_desktop\">sabato<\/div><div class=\"show_mobile\">sab.<\/div><\/th>\n\t  <\/tr><\/tr><\/table>\n","protected":false},"excerpt":{"rendered":"<p>2022<\/p>\n","protected":false},"author":5,"featured_media":0,"parent":0,"menu_order":15,"comment_status":"closed","ping_status":"closed","template":"","meta":{"_acf_changed":false,"footnotes":""},"class_list":["post-246","page","type-page","status-publish","hentry"],"acf":[],"yoast_head":"<!-- This site is optimized with the Yoast SEO plugin v26.6 - https:\/\/yoast.com\/wordpress\/plugins\/seo\/ -->\n<title>Date - Austrian Dinner Show<\/title>\n<meta name=\"robots\" content=\"index, follow, max-snippet:-1, max-image-preview:large, max-video-preview:-1\" \/>\n<link rel=\"canonical\" href=\"https:\/\/dev.austriandinnershow.at\/it\/date\/\" \/>\n<meta property=\"og:locale\" content=\"it_IT\" \/>\n<meta property=\"og:type\" content=\"article\" \/>\n<meta property=\"og:title\" content=\"Date - Austrian Dinner Show\" \/>\n<meta property=\"og:description\" content=\"2022\" \/>\n<meta property=\"og:url\" content=\"https:\/\/dev.austriandinnershow.at\/it\/date\/\" \/>\n<meta property=\"og:site_name\" content=\"Austrian Dinner Show\" \/>\n<meta property=\"article:modified_time\" content=\"2022-10-10T15:06:36+00:00\" \/>\n<meta property=\"og:image\" content=\"https:\/\/dev.austriandinnershow.at\/wp-content\/uploads\/austriandinnershow097.jpg\" \/>\n\t<meta property=\"og:image:width\" content=\"530\" \/>\n\t<meta property=\"og:image:height\" content=\"355\" \/>\n\t<meta property=\"og:image:type\" content=\"image\/jpeg\" \/>\n<meta name=\"twitter:card\" content=\"summary_large_image\" \/>\n<meta name=\"twitter:label1\" content=\"Tempo di lettura stimato\" \/>\n\t<meta name=\"twitter:data1\" content=\"1 minuto\" \/>\n<script type=\"application\/ld+json\" class=\"yoast-schema-graph\">{\"@context\":\"https:\/\/schema.org\",\"@graph\":[{\"@type\":\"WebPage\",\"@id\":\"https:\/\/dev.austriandinnershow.at\/it\/date\/\",\"url\":\"https:\/\/dev.austriandinnershow.at\/it\/date\/\",\"name\":\"Date - Austrian Dinner Show\",\"isPartOf\":{\"@id\":\"https:\/\/dev.austriandinnershow.at\/#website\"},\"datePublished\":\"2016-04-06T09:53:05+00:00\",\"dateModified\":\"2022-10-10T15:06:36+00:00\",\"breadcrumb\":{\"@id\":\"https:\/\/dev.austriandinnershow.at\/it\/date\/#breadcrumb\"},\"inLanguage\":\"it-IT\",\"potentialAction\":[{\"@type\":\"ReadAction\",\"target\":[\"https:\/\/dev.austriandinnershow.at\/it\/date\/\"]}]},{\"@type\":\"BreadcrumbList\",\"@id\":\"https:\/\/dev.austriandinnershow.at\/it\/date\/#breadcrumb\",\"itemListElement\":[{\"@type\":\"ListItem\",\"position\":1,\"name\":\"Home\",\"item\":\"https:\/\/dev.austriandinnershow.at\/\"},{\"@type\":\"ListItem\",\"position\":2,\"name\":\"Date\"}]},{\"@type\":\"WebSite\",\"@id\":\"https:\/\/dev.austriandinnershow.at\/#website\",\"url\":\"https:\/\/dev.austriandinnershow.at\/\",\"name\":\"Austrian Dinner Show\",\"description\":\"Austrian Dinner Show\",\"potentialAction\":[{\"@type\":\"SearchAction\",\"target\":{\"@type\":\"EntryPoint\",\"urlTemplate\":\"https:\/\/dev.austriandinnershow.at\/?s={search_term_string}\"},\"query-input\":{\"@type\":\"PropertyValueSpecification\",\"valueRequired\":true,\"valueName\":\"search_term_string\"}}],\"inLanguage\":\"it-IT\"}]}<\/script>\n<!-- \/ Yoast SEO plugin. -->","yoast_head_json":{"title":"Date - Austrian Dinner Show","robots":{"index":"index","follow":"follow","max-snippet":"max-snippet:-1","max-image-preview":"max-image-preview:large","max-video-preview":"max-video-preview:-1"},"canonical":"https:\/\/dev.austriandinnershow.at\/it\/date\/","og_locale":"it_IT","og_type":"article","og_title":"Date - Austrian Dinner Show","og_description":"2022","og_url":"https:\/\/dev.austriandinnershow.at\/it\/date\/","og_site_name":"Austrian Dinner Show","article_modified_time":"2022-10-10T15:06:36+00:00","og_image":[{"width":530,"height":355,"url":"https:\/\/dev.austriandinnershow.at\/wp-content\/uploads\/austriandinnershow097.jpg","type":"image\/jpeg"}],"twitter_card":"summary_large_image","twitter_misc":{"Tempo di lettura stimato":"1 minuto"},"schema":{"@context":"https:\/\/schema.org","@graph":[{"@type":"WebPage","@id":"https:\/\/dev.austriandinnershow.at\/it\/date\/","url":"https:\/\/dev.austriandinnershow.at\/it\/date\/","name":"Date - Austrian Dinner Show","isPartOf":{"@id":"https:\/\/dev.austriandinnershow.at\/#website"},"datePublished":"2016-04-06T09:53:05+00:00","dateModified":"2022-10-10T15:06:36+00:00","breadcrumb":{"@id":"https:\/\/dev.austriandinnershow.at\/it\/date\/#breadcrumb"},"inLanguage":"it-IT","potentialAction":[{"@type":"ReadAction","target":["https:\/\/dev.austriandinnershow.at\/it\/date\/"]}]},{"@type":"BreadcrumbList","@id":"https:\/\/dev.austriandinnershow.at\/it\/date\/#breadcrumb","itemListElement":[{"@type":"ListItem","position":1,"name":"Home","item":"https:\/\/dev.austriandinnershow.at\/"},{"@type":"ListItem","position":2,"name":"Date"}]},{"@type":"WebSite","@id":"https:\/\/dev.austriandinnershow.at\/#website","url":"https:\/\/dev.austriandinnershow.at\/","name":"Austrian Dinner Show","description":"Austrian Dinner Show","potentialAction":[{"@type":"SearchAction","target":{"@type":"EntryPoint","urlTemplate":"https:\/\/dev.austriandinnershow.at\/?s={search_term_string}"},"query-input":{"@type":"PropertyValueSpecification","valueRequired":true,"valueName":"search_term_string"}}],"inLanguage":"it-IT"}]}},"_links":{"self":[{"href":"https:\/\/dev.austriandinnershow.at\/it\/wp-json\/wp\/v2\/pages\/246","targetHints":{"allow":["GET"]}}],"collection":[{"href":"https:\/\/dev.austriandinnershow.at\/it\/wp-json\/wp\/v2\/pages"}],"about":[{"href":"https:\/\/dev.austriandinnershow.at\/it\/wp-json\/wp\/v2\/types\/page"}],"author":[{"embeddable":true,"href":"https:\/\/dev.austriandinnershow.at\/it\/wp-json\/wp\/v2\/users\/5"}],"replies":[{"embeddable":true,"href":"https:\/\/dev.austriandinnershow.at\/it\/wp-json\/wp\/v2\/comments?post=246"}],"version-history":[{"count":11,"href":"https:\/\/dev.austriandinnershow.at\/it\/wp-json\/wp\/v2\/pages\/246\/revisions"}],"predecessor-version":[{"id":2089,"href":"https:\/\/dev.austriandinnershow.at\/it\/wp-json\/wp\/v2\/pages\/246\/revisions\/2089"}],"wp:attachment":[{"href":"https:\/\/dev.austriandinnershow.at\/it\/wp-json\/wp\/v2\/media?parent=246"}],"curies":[{"name":"wp","href":"https:\/\/api.w.org\/{rel}","templated":true}]}}